{"id":124,"date":"2019-07-30T02:53:37","date_gmt":"2019-07-30T00:53:37","guid":{"rendered":"http:\/\/tamiluz.pruebaswb.com.es\/?page_id=124"},"modified":"2019-07-30T05:42:11","modified_gmt":"2019-07-30T03:42:11","slug":"productos","status":"publish","type":"page","link":"https:\/\/tamiluz.pruebaswb.com.es\/?page_id=124&lang=es","title":{"rendered":"Productos"},"content":{"rendered":"\n<h4 class=\"wp-block-heading\">Tamiluz dise\u00f1a y fabrica sistemas a medida de protecci\u00f3n solar exterior de alto valor a\u00f1adido. M\u00e1s de 30 a\u00f1os de experiencia acreditan nuestro saber-hacer.<\/h4>\n\n\n\n<p>Vestibulum ante ipsum primis in faucibus orci luctus et ultrices posuere cubilia Curae; Quisque porta ex ante, quis ultricies nisi posuere sit amet. Cras laoreet arcu in orci suscipit, eu consectetur ligula mattis. Integer gravida nisl justo, non volutpat lectus rhoncus in. In hac habitasse platea dictumst. Phasellus porttitor, massa tempus aliquet scelerisque, neque nulla aliquet tortor, sagittis sollicitudin turpis neque sit amet augue. Pellentesque eget eros ornare, bibendum tellus <\/p>\n\n\n\n<p><\/p>\n","protected":false},"excerpt":{"rendered":"<p>Tamiluz dise\u00f1a y fabrica sistemas a medida de protecci\u00f3n solar exterior de alto valor a\u00f1adido. M\u00e1s de 30 a\u00f1os de experiencia acreditan nuestro saber-hacer. Vestibulum ante ipsum primis in faucibus orci luctus et ultrices posuere cubilia Curae; Quisque porta ex [&hellip;]<\/p>\n","protected":false},"author":4,"featured_media":0,"parent":0,"menu_order":0,"comment_status":"closed","ping_status":"closed","template":"template-parts\/content-products-list.php","meta":{"footnotes":""},"class_list":["post-124","page","type-page","status-publish","hentry"],"lang":"es","translations":{"es":124,"fr":161,"en":163},"pll_sync_post":[],"_links":{"self":[{"href":"https:\/\/tamiluz.pruebaswb.com.es\/index.php?rest_route=\/wp\/v2\/pages\/124","targetHints":{"allow":["GET"]}}],"collection":[{"href":"https:\/\/tamiluz.pruebaswb.com.es\/index.php?rest_route=\/wp\/v2\/pages"}],"about":[{"href":"https:\/\/tamiluz.pruebaswb.com.es\/index.php?rest_route=\/wp\/v2\/types\/page"}],"author":[{"embeddable":true,"href":"https:\/\/tamiluz.pruebaswb.com.es\/index.php?rest_route=\/wp\/v2\/users\/4"}],"replies":[{"embeddable":true,"href":"https:\/\/tamiluz.pruebaswb.com.es\/index.php?rest_route=%2Fwp%2Fv2%2Fcomments&post=124"}],"version-history":[{"count":3,"href":"https:\/\/tamiluz.pruebaswb.com.es\/index.php?rest_route=\/wp\/v2\/pages\/124\/revisions"}],"predecessor-version":[{"id":288,"href":"https:\/\/tamiluz.pruebaswb.com.es\/index.php?rest_route=\/wp\/v2\/pages\/124\/revisions\/288"}],"wp:attachment":[{"href":"https:\/\/tamiluz.pruebaswb.com.es\/index.php?rest_route=%2Fwp%2Fv2%2Fmedia&parent=124"}],"curies":[{"name":"wp","href":"https:\/\/api.w.org\/{rel}","templated":true}]}}