{"id":2397,"date":"2019-09-23T14:52:00","date_gmt":"2019-09-23T12:52:00","guid":{"rendered":"http:\/\/tamiluz.pruebaswb.com.es\/celosias-es\/"},"modified":"2022-10-21T14:46:59","modified_gmt":"2022-10-21T12:46:59","slug":"porticones","status":"publish","type":"page","link":"https:\/\/tamiluz.pruebaswb.com.es\/?page_id=2397&lang=es","title":{"rendered":"Porticones"},"content":{"rendered":"<p>[vc_row full_width=\u00bbstretch_row_content_no_spaces\u00bb el_class=\u00bbtamiluz-wraper-productos-seo\u00bb][vc_column][vc_single_image image=\u00bb2594&#8243; img_size=\u00bbfull\u00bb el_class=\u00bbsombra-img vc_hidden-sm vc_hidden-xs vc_hidden-md\u00bb][vc_single_image image=\u00bb2593&#8243; img_size=\u00bbfull\u00bb el_class=\u00bbsombra-img vc_hidden-lg vc_hidden-xs\u00bb][vc_single_image image=\u00bb2592&#8243; img_size=\u00bbfull\u00bb el_class=\u00bbsombra-img vc_hidden-md vc_hidden-sm vc_hidden-lg\u00bb][\/vc_column][\/vc_row][vc_row row_content_width=\u00bbgrid\u00bb][vc_column]<div class=\"qodef-section-title-holder tamiluz-h1-secciones qodef-st-standard qodef-st-title-left qodef-st-normal-space \" >\n\t<div class=\"qodef-st-inner\">\n\t\t\t\t\t\t\t<h1 class=\"qodef-st-title\" >\n\t\t\t\tPorticones\t\t\t<\/h1>\n\t\t\t\t\t<\/div>\n<\/div>[vc_row_inner el_class=\u00bbtamiluz-p-no-margin\u00bb][vc_column_inner width=\u00bb1\/2&#8243;][vc_column_text el_class=\u00bbtamiluz-quote-secciones\u00bb]Los porticones son uno de los cerramientos exteriores m\u00e1s habituales, en puertas y ventanas. Tamiluz dise\u00f1a y produce a medida para cada proyecto arquitect\u00f3nico porticones de aluminio, porticones de madera yde HPL.[\/vc_column_text][vc_column_text]El portic\u00f3n es un tipo de postigo muy particular, formado por paneles ciegos o de fantas\u00eda. Antepone la ocultaci\u00f3n a la aireaci\u00f3n. Tamiluz, como experto en protecci\u00f3n solar, lo diferencia claramente de sus sistemas de celos\u00edas de lamas fijas o persianas de lamas orientables.<\/p>\n<p>&nbsp;<\/p>\n<p>Los porticones para puertas, ventanas o balcones TAMILUZ est\u00e1n compuestos de paneles de madera, metal o HPL ciegos, perforados o de metal expandido, que pueden ser montados sobre muy variados sistemas constructivos. Aparte del cl\u00e1sico sistema de porticones batientes, TAMILUZ propone sistemas correderos, plegables, fijos, plegables-correderos, levadizos o proyectables, por ejemplo.<\/p>\n<p>&nbsp;<\/p>\n<p><strong>Porticones: paneles opacos o fantas\u00eda<\/strong><\/p>\n<p>&nbsp;<\/p>\n<p>Los porticones TAMILUZ se dise\u00f1an a medida sobre la base del dise\u00f1o proyectivo tanto en su dimensi\u00f3n funcional como est\u00e9tica.<\/p>\n<p>&nbsp;<\/p>\n<p>El dise\u00f1o de los porticones, su tipo de relleno y el material utilizado depender\u00e1n del grado de integraci\u00f3n o contraste con la fachada previsto por el proyecto.<\/p>\n<p>&nbsp;<\/p>\n<p>Si bien el portic\u00f3n de madera es el postigo m\u00e1s cl\u00e1sico, el aluminio y dem\u00e1s metales permiten ser trabajados de forma muy imaginativa, creando efectos muy variados de luz y de aireaci\u00f3n mediante la perforaci\u00f3n y la expansi\u00f3n de la chapa.<\/p>\n<p>&nbsp;<\/p>\n<p>Los porticones de aluminio son una apuesta segura en t\u00e9rminos de dise\u00f1o y de comodidad, ya que no requieren mantenimiento.<\/p>\n<p>&nbsp;<\/p>\n<p>Desde paneles ciegos para asegurar una total ocultaci\u00f3n en dormitorios a paneles de metal expandido o perforado para crear luces y sombras, Tamiluz dise\u00f1a y produce tanto los sistemas de protecci\u00f3n solar y ocultaci\u00f3n propiamente dichos como los herrajes asociados, asegurando as\u00ed una garant\u00eda de calidad a los acabados y una adaptaci\u00f3n perfecta, as\u00ed como un servicio postventa de la m\u00e1s alta calidad.[\/vc_column_text][\/vc_column_inner][vc_column_inner width=\u00bb1\/2&#8243;][vc_column_text]<strong>Porticones y movimiento: sistemas constructivos<\/strong><\/p>\n<p>&nbsp;<\/p>\n<p>El movimiento es una de las propiedades de mayor valor a\u00f1adido en porticones y dem\u00e1s sistemas de protecci\u00f3n solar pasiva. De acuerdo con su concepci\u00f3n del dise\u00f1o a medida, TAMILUZ propone numerosos sistemas constructivos y va m\u00e1s all\u00e1 del cl\u00e1sico postigo batiente.<\/p>\n<p>&nbsp;<\/p>\n<p>Los porticones correderos y porticones plegables, entre otros, se han convertido en una opci\u00f3n de cerramiento muy valorada en ventanas y puertas, pero tambi\u00e9n en balcones. Permiten dar privacidad a ese espacio exterior, sum\u00e1ndolo a la vivienda.<\/p>\n<p>El movimiento del sistema ofrece una gran libertad al usuario y le permite jugar con la luz, la ocultaci\u00f3n, la aireaci\u00f3n y la protecci\u00f3n solar, a su antojo.<\/p>\n<p>&nbsp;<\/p>\n<p>La opci\u00f3n levadiza, proyectable o incluso fija tambi\u00e9n conforma fachadas muy interesantes.<\/p>\n<p>&nbsp;<\/p>\n<p><a href=\"http:\/\/tamiluz.pruebaswb.com.es\/es\/referencias\/\">DESCUBRA AQU\u00cd PROYECTOS CON SISTEMAS DE PORTICONES<\/a><\/p>\n<p>&nbsp;<\/p>\n<p><a href=\"http:\/\/tamiluz.pruebaswb.com.es\/es\/porticon\/\">VEA SISTEMAS DE PORTICONES<\/a><\/p>\n<p>&nbsp;<\/p>\n<p><a href=\"http:\/\/tamiluz.pruebaswb.com.es\/es\/noticias\/\">LEA NUESTRAS \u00daLTIMAS NOTICIAS<\/a><\/p>\n<p>&nbsp;<\/p>\n<p>&nbsp;<\/p>\n<p>Acabados del aluminio:<\/p>\n<ul>\n<li>todos los colores de la carta RAL, tanto en brillo como en mate<\/li>\n<li>todos los lacados de la carta Futura (aplicaci\u00f3n bajo sello Qualicoat)<\/li>\n<\/ul>\n<p>En sistemas de aluminio anodizado, TAMILUZ ofrece una gran variedad de tonos, con un espesor est\u00e1ndar de 15 micras (20 micras en opci\u00f3n), con un proceso respetuoso con las directrices del sello Qualanod.<\/p>\n<p>&nbsp;<\/p>\n<p>Los porticones TAMILUZ son dise\u00f1ados a medida para cada proyecto, bas\u00e1ndonos en la idea original del arquitecto o las necesidades del instalador. Nuestro cat\u00e1logo es la herramienta que permite iniciar el di\u00e1logo que desembocar\u00e1 en el dise\u00f1o final, bas\u00e1ndose en las caracter\u00edsticas arquitect\u00f3nicas y constructivas requeridas.<\/p>\n<p>Los porticones exteriores TAMILUZ, aplicadas a ventanas y puertas, terrazas y balcones, mejoran la eficiencia energ\u00e9tica del edificio.<\/p>\n<p>&nbsp;<\/p>\n<p>Nuestro equipo de atenci\u00f3n al cliente acompa\u00f1a al profesional desde el inicio del proyecto, con el objetivo de hacer realidad su idea proyectual, considerando tanta la funcionalidad como la est\u00e9tica del sistema.<\/p>\n<p>&nbsp;<\/p>\n<p>\u00bfQuiere descargarse el cat\u00e1logo TAMILUZ? CliQUE AQU\u00ed<\/p>\n<p>Descubra otros sistemas de protecci\u00f3n solar TAMILUZ:[\/vc_column_text][\/vc_column_inner][\/vc_row_inner][\/vc_column][\/vc_row][vc_row full_width=\u00bbstretch_row_content\u00bb][vc_column el_class=\u00bbtamiluz-destacados-secciones-seo\u00bb]<div class=\"qodef-portfolio-list-holder qodef-grid-list qodef-disable-bottom-space qodef-pl-gallery qodef-three-columns qodef-small-space qodef-pl-standard-shader  qodef-pl-has-shadow        \"  data-type=gallery data-number-of-columns=three data-space-between-items=small data-number-of-items=-1 data-image-proportions=full data-enable-fixed-proportions=no data-enable-image-shadow=yes data-post-type=page data-selected-pages=1012,133 data-item-style=standard-shader data-enable-title=yes data-title-tag=h4 data-enable-excerpt=yes data-excerpt-length=200 data-enable-link=yes data-enable-article-animation=no data-max-num-pages=0 data-next-page=2>\n        <div class=\"qodef-pl-inner qodef-outer-space  clearfix carousel\">\n        <article class=\"qodef-pl-item qodef-item-space  post-1012 page type-page status-publish has-post-thumbnail hentry qodef-pi-small-2126 gallery-cell\"  data-item-class=\"qodef-pi-small-2126\">\n    <div class=\"qodef-pl-item-inner\">\n\n        <div class=\"qodef-pli-image\">\n\t<img loading=\"lazy\" decoding=\"async\" width=\"2560\" height=\"1475\" src=\"https:\/\/tamiluz.pruebaswb.com.es\/wp-content\/uploads\/2022\/10\/HABITATGES-MODOLELL-03-2-scaled.jpg\" class=\"attachment-full size-full wp-post-image\" alt=\"\" srcset=\"https:\/\/tamiluz.pruebaswb.com.es\/wp-content\/uploads\/2022\/10\/HABITATGES-MODOLELL-03-2-scaled.jpg 2560w, https:\/\/tamiluz.pruebaswb.com.es\/wp-content\/uploads\/2022\/10\/HABITATGES-MODOLELL-03-2-300x173.jpg 300w, https:\/\/tamiluz.pruebaswb.com.es\/wp-content\/uploads\/2022\/10\/HABITATGES-MODOLELL-03-2-1024x590.jpg 1024w, https:\/\/tamiluz.pruebaswb.com.es\/wp-content\/uploads\/2022\/10\/HABITATGES-MODOLELL-03-2-768x443.jpg 768w, https:\/\/tamiluz.pruebaswb.com.es\/wp-content\/uploads\/2022\/10\/HABITATGES-MODOLELL-03-2-1536x885.jpg 1536w, https:\/\/tamiluz.pruebaswb.com.es\/wp-content\/uploads\/2022\/10\/HABITATGES-MODOLELL-03-2-24x14.jpg 24w, https:\/\/tamiluz.pruebaswb.com.es\/wp-content\/uploads\/2022\/10\/HABITATGES-MODOLELL-03-2-36x21.jpg 36w, https:\/\/tamiluz.pruebaswb.com.es\/wp-content\/uploads\/2022\/10\/HABITATGES-MODOLELL-03-2-48x28.jpg 48w\" sizes=\"auto, (max-width: 2560px) 100vw, 2560px\" \/>    <\/div>\n<div class=\"qodef-pli-text-holder\" >\n    <div class=\"qodef-pli-text-wrapper\">\n        <div class=\"qodef-pli-text\">\n            \t<h4 itemprop=\"name\" class=\"qodef-pli-title entry-title\" >\n\t\t<span>Porticones y Contraventanas<\/span>\n\t<\/h4>\n\n            \n            \n            \t<p itemprop=\"description\" class=\"qodef-pli-excerpt\">Sistemas a medida de contraventanas opacas, perforadas o de metal expandido.<\/p>\n\n                    <\/div>\n    <\/div>\n<\/div>\n        <a itemprop=\"url\" class=\"qodef-pli-link qodef-block-drag-link\" href=\"https:\/\/tamiluz.pruebaswb.com.es\/?page_id=1012&#038;lang=es\" target=\"_self\"><\/a>\n    <\/div>\n<\/article><article class=\"qodef-pl-item qodef-item-space  post-133 page type-page status-publish has-post-thumbnail hentry qodef-pi-small-8225 gallery-cell\"  data-item-class=\"qodef-pi-small-8225\">\n    <div class=\"qodef-pl-item-inner\">\n\n        <div class=\"qodef-pli-image\">\n\t<img loading=\"lazy\" decoding=\"async\" width=\"650\" height=\"433\" src=\"https:\/\/tamiluz.pruebaswb.com.es\/wp-content\/uploads\/2020\/10\/CATAMARAN_CodaOffice_fotografoDavidFrutos_650x433.jpg\" class=\"attachment-full size-full wp-post-image\" alt=\"\" srcset=\"https:\/\/tamiluz.pruebaswb.com.es\/wp-content\/uploads\/2020\/10\/CATAMARAN_CodaOffice_fotografoDavidFrutos_650x433.jpg 650w, https:\/\/tamiluz.pruebaswb.com.es\/wp-content\/uploads\/2020\/10\/CATAMARAN_CodaOffice_fotografoDavidFrutos_650x433-300x200.jpg 300w, https:\/\/tamiluz.pruebaswb.com.es\/wp-content\/uploads\/2020\/10\/CATAMARAN_CodaOffice_fotografoDavidFrutos_650x433-24x16.jpg 24w, https:\/\/tamiluz.pruebaswb.com.es\/wp-content\/uploads\/2020\/10\/CATAMARAN_CodaOffice_fotografoDavidFrutos_650x433-36x24.jpg 36w, https:\/\/tamiluz.pruebaswb.com.es\/wp-content\/uploads\/2020\/10\/CATAMARAN_CodaOffice_fotografoDavidFrutos_650x433-48x32.jpg 48w\" sizes=\"auto, (max-width: 650px) 100vw, 650px\" \/>    <\/div>\n<div class=\"qodef-pli-text-holder\" >\n    <div class=\"qodef-pli-text-wrapper\">\n        <div class=\"qodef-pli-text\">\n            \t<h4 itemprop=\"name\" class=\"qodef-pli-title entry-title\" >\n\t\t<span>Referencias<\/span>\n\t<\/h4>\n\n            \n            \n            \t<p itemprop=\"description\" class=\"qodef-pli-excerpt\">Insp\u00edrate con nuestras realizaciones de alto impacto est\u00e9tico y funcional.<\/p>\n\n                    <\/div>\n    <\/div>\n<\/div>\n        <a itemprop=\"url\" class=\"qodef-pli-link qodef-block-drag-link\" href=\"https:\/\/tamiluz.pruebaswb.com.es\/?page_id=133&#038;lang=es\" target=\"_self\"><\/a>\n    <\/div>\n<\/article>    <\/div>\n    <\/div>[\/vc_column][\/vc_row][vc_row][vc_column][vc_row_inner][vc_column_inner el_class=\u00bbtamiluz-newsletter\u00bb]<div class=\"qodef-iwt clearfix tamiluz-volver-secciones-seo qodef-iwt-icon-left qodef-iwt-icon-tiny\">\n\t<div class=\"qodef-iwt-icon\">\n\t\t\t\t\t<a itemprop=\"url\" href=\"\/es\/proteccion-solar\" target=\"_self\">\n\t\t\t\t\t\t\t\t\t    <span class=\"qodef-icon-shortcode qodef-normal   qodef-icon-tiny\"  data-color=\"#fbb900\">\n                    <i class=\"qodef-icon-dripicons dripicon dripicons-chevron-left qodef-icon-element\" style=\"color: #fbb900;font-size:46px\" ><\/i>            <\/span>\n\t\t\t\t\t\t\t\t<\/a>\n\t\t\t<\/div>\n\t<div class=\"qodef-iwt-content\" >\n\t\t\t\t\t\t\t<p class=\"qodef-iwt-text\" >\n                                <a href=\"\/es\/proteccion-solar\">\n                                Volver                            <\/a>\n                        <\/p>\n\t\t\t<\/div>\n<\/div>[vc_raw_html]JTVCZm9vdGVyLWNvbnRhY3RvJTVE[\/vc_raw_html][\/vc_column_inner][\/vc_row_inner][\/vc_column][\/vc_row]<\/p>\n","protected":false},"excerpt":{"rendered":"<p>[vc_row full_width=\u00bbstretch_row_content_no_spaces\u00bb el_class=\u00bbtamiluz-wraper-productos-seo\u00bb][vc_column][vc_single_image image=\u00bb2594&#8243; img_size=\u00bbfull\u00bb el_class=\u00bbsombra-img vc_hidden-sm vc_hidden-xs vc_hidden-md\u00bb][vc_single_image image=\u00bb2593&#8243; img_size=\u00bbfull\u00bb el_class=\u00bbsombra-img vc_hidden-lg vc_hidden-xs\u00bb][vc_single_image image=\u00bb2592&#8243; img_size=\u00bbfull\u00bb el_class=\u00bbsombra-img vc_hidden-md vc_hidden-sm vc_hidden-lg\u00bb][\/vc_column][\/vc_row][vc_row row_content_width=\u00bbgrid\u00bb][vc_column][vc_row_inner el_class=\u00bbtamiluz-p-no-margin\u00bb][vc_column_inner width=\u00bb1\/2&#8243;][vc_column_text el_class=\u00bbtamiluz-quote-secciones\u00bb]Los porticones son uno de los cerramientos exteriores m\u00e1s habituales, en puertas y ventanas. Tamiluz dise\u00f1a y [&hellip;]<\/p>\n","protected":false},"author":2,"featured_media":0,"parent":0,"menu_order":0,"comment_status":"closed","ping_status":"closed","template":"","meta":{"footnotes":""},"class_list":["post-2397","page","type-page","status-publish","hentry"],"lang":"es","translations":{"es":2397,"fr":3565,"en":3568},"pll_sync_post":[],"_links":{"self":[{"href":"https:\/\/tamiluz.pruebaswb.com.es\/index.php?rest_route=\/wp\/v2\/pages\/2397","targetHints":{"allow":["GET"]}}],"collection":[{"href":"https:\/\/tamiluz.pruebaswb.com.es\/index.php?rest_route=\/wp\/v2\/pages"}],"about":[{"href":"https:\/\/tamiluz.pruebaswb.com.es\/index.php?rest_route=\/wp\/v2\/types\/page"}],"author":[{"embeddable":true,"href":"https:\/\/tamiluz.pruebaswb.com.es\/index.php?rest_route=\/wp\/v2\/users\/2"}],"replies":[{"embeddable":true,"href":"https:\/\/tamiluz.pruebaswb.com.es\/index.php?rest_route=%2Fwp%2Fv2%2Fcomments&post=2397"}],"version-history":[{"count":18,"href":"https:\/\/tamiluz.pruebaswb.com.es\/index.php?rest_route=\/wp\/v2\/pages\/2397\/revisions"}],"predecessor-version":[{"id":4724,"href":"https:\/\/tamiluz.pruebaswb.com.es\/index.php?rest_route=\/wp\/v2\/pages\/2397\/revisions\/4724"}],"wp:attachment":[{"href":"https:\/\/tamiluz.pruebaswb.com.es\/index.php?rest_route=%2Fwp%2Fv2%2Fmedia&parent=2397"}],"curies":[{"name":"wp","href":"https:\/\/api.w.org\/{rel}","templated":true}]}}