{"id":2402,"date":"2019-09-23T14:52:00","date_gmt":"2019-09-23T12:52:00","guid":{"rendered":"http:\/\/tamiluz.pruebaswb.com.es\/contraventanas-2\/"},"modified":"2022-10-21T14:40:24","modified_gmt":"2022-10-21T12:40:24","slug":"contraventanas","status":"publish","type":"page","link":"https:\/\/tamiluz.pruebaswb.com.es\/?page_id=2402&lang=es","title":{"rendered":"Contraventanas"},"content":{"rendered":"<p>[vc_row full_width=\u00bbstretch_row_content_no_spaces\u00bb el_class=\u00bbtamiluz-wraper-productos-seo\u00bb][vc_column][vc_single_image image=\u00bb2582&#8243; img_size=\u00bbfull\u00bb el_class=\u00bbsombra-img vc_hidden-sm vc_hidden-xs vc_hidden-md\u00bb][vc_single_image image=\u00bb2581&#8243; img_size=\u00bbfull\u00bb el_class=\u00bbsombra-img vc_hidden-lg vc_hidden-xs\u00bb][vc_single_image image=\u00bb2580&#8243; img_size=\u00bbfull\u00bb el_class=\u00bbsombra-img vc_hidden-md vc_hidden-sm vc_hidden-lg\u00bb][\/vc_column][\/vc_row][vc_row row_content_width=\u00bbgrid\u00bb][vc_column]<div class=\"qodef-section-title-holder tamiluz-h1-secciones qodef-st-standard qodef-st-title-left qodef-st-normal-space \" >\n\t<div class=\"qodef-st-inner\">\n\t\t\t\t\t\t\t<h1 class=\"qodef-st-title\" >\n\t\t\t\tContraventanas\t\t\t<\/h1>\n\t\t\t\t\t<\/div>\n<\/div>[vc_row_inner el_class=\u00bbtamiluz-p-no-margin\u00bb][vc_column_inner width=\u00bb1\/2&#8243;][vc_column_text el_class=\u00bbtamiluz-quote-secciones\u00bb]Las contraventanas son elementos de cerramiento exterior aplicados a puertas y ventanas. Tamiluz dise\u00f1a y produce a medida para cada proyecto arquitect\u00f3nico distintos tipos de contraventanas de aluminio, de contraventanas de madera y de HPL, todas ellas con fines de protecci\u00f3n solar, ocultaci\u00f3n y aireaci\u00f3n.[\/vc_column_text][vc_column_text]Si el concepto de contraventana puede ser muy gen\u00e9rico, Tamiluz, como experto en protecci\u00f3n solar, lo divide claramente entre sistemas de lamas fijas o celos\u00edas, sistemas de lamas orientables o persianas y sistemas de contraventanas o porticones exteriores, independientemente del sistema constructivo escogido para su puesta en obra.<\/p>\n<p>&nbsp;<\/p>\n<p>Las contraventanas de madera batientes son probablemente la opci\u00f3n m\u00e1s presente y cl\u00e1sica, pero las alternativas son numerosas y muy interesantes por la variedad, funcionalidad y movimiento que proponen, siendo el aluminio un material ideal al no necesitar mantenimiento de ning\u00fan tipo.<\/p>\n<p>&nbsp;<\/p>\n<p>Dependiendo del grado de protecci\u00f3n solar, ocultaci\u00f3n y aireaci\u00f3n que requiera su proyecto, y del grado de protagonismo que le quiera dar a las contraventanas dentro del dise\u00f1o de fachada, el equipo TAMILUZ le brindar\u00e1 su experiencia y conocimiento y contribuir\u00e1 a mejorar la eficiencia energ\u00e9tica del edificio. Cont\u00e1ctenos.<\/p>\n<p>&nbsp;<\/p>\n<p><strong>Contraventanas: variedad de materiales<\/strong><\/p>\n<p>&nbsp;<\/p>\n<p>Aluminio, madera, HPL son algunos de los materiales que TAMILUZ utiliza en el dise\u00f1o de sus sistemas de protecci\u00f3n solar a medida, siendo siempre de aluminio los marcos y chasis de todos ellos.<\/p>\n<p>&nbsp;<\/p>\n<p>Tamiluz dise\u00f1a y produce tanto los sistemas de protecci\u00f3n solar propiamente dichos como los herrajes asociados, asegurando as\u00ed una garant\u00eda de calidad a los acabados y una adaptaci\u00f3n perfecta, as\u00ed como un servicio posventa de la m\u00e1s alta calidad.<\/p>\n<p>&nbsp;<\/p>\n<p><strong>Contraventanas: variedad de sistemas<\/strong><\/p>\n<p>&nbsp;<\/p>\n<p>Desde paneles ciegos para asegurar una total ocultaci\u00f3n en dormitorios a sistemas con paneles perforados o dise\u00f1o fantas\u00eda (metal expandido, por ejemplo) en balcones, terrazas o ventanas, las posibilidades son incontables y los efectos siempre originales y generadores de un mayor bienestar para el usuario.[\/vc_column_text][\/vc_column_inner][vc_column_inner width=\u00bb1\/2&#8243;][vc_column_text]<strong>Contraventanas y movimiento: sistemas constructivos<\/strong><\/p>\n<p>&nbsp;<\/p>\n<p>El movimiento es una de las propiedades de mayor valor a\u00f1adido en contraventanas y dem\u00e1s sistemas de protecci\u00f3n solar pasiva. De acuerdo con su concepci\u00f3n del dise\u00f1o a medida, TAMILUZ propone numerosos sistemas constructivos y se adapta a las necesidades de su proyecto.<\/p>\n<p>&nbsp;<\/p>\n<p>Las contraventanas correderas y contraventanas plegables, entre otras, se han convertido en una opci\u00f3n de cerramiento muy valorada en ventanas y puertas, pero tambi\u00e9n en balcones. Permiten dar privacidad a ese espacio exterior, sum\u00e1ndolo a la vivienda.<\/p>\n<p>&nbsp;<\/p>\n<p>La opci\u00f3n levadiza, proyectable o incluso fija tambi\u00e9n conforma fachadas muy interesantes.<\/p>\n<p>&nbsp;<\/p>\n<p><a href=\"http:\/\/tamiluz.pruebaswb.com.es\/es\/referencias\/\">DESCUBRA AQU\u00cd PROYECTOS CON SISTEMAS DE CONTRAVENTANAS<\/a><\/p>\n<p>&nbsp;<\/p>\n<p><a href=\"http:\/\/tamiluz.pruebaswb.com.es\/es\/porticon\/\">VEA SISTEMAS DE CONTRAVENTANAS<\/a><\/p>\n<p>&nbsp;<\/p>\n<p><a href=\"http:\/\/tamiluz.pruebaswb.com.es\/es\/noticias\/\">LEA NUESTRAS \u00daLTIMAS NOTICIAS<\/a><\/p>\n<p>&nbsp;<\/p>\n<p>Acabados del aluminio:<\/p>\n<ul>\n<li>todos los colores de la carta RAL, tanto en brillo como en mate<\/li>\n<li>todos los lacados de la carta Futura (aplicaci\u00f3n bajo sello Qualicoat)<\/li>\n<\/ul>\n<p>En sistemas de aluminio anodizado, TAMILUZ ofrece una gran variedad de tonos, con un espesor est\u00e1ndar de 15 micras (20 micras en opci\u00f3n), con un proceso respetuoso con las directrices del sello Qualanod.<\/p>\n<p>&nbsp;<\/p>\n<p>Las contraventanas TAMILUZ son dise\u00f1adas a medida para cada proyecto, bas\u00e1ndose en la idea original del arquitecto o las necesidades del instalador. Nuestro cat\u00e1logo es la herramienta que permite iniciar el di\u00e1logo que desembocar\u00e1 en el dise\u00f1o final, bas\u00e1ndonos en las caracter\u00edsticas arquitect\u00f3nicas y constructivas requeridas.<\/p>\n<p>&nbsp;<\/p>\n<p>Las contraventanas exteriores TAMILUZ, aplicadas a ventanas y puertas, terrazas y balcones, mejoran la eficiencia energ\u00e9tica del edificio.<\/p>\n<p>&nbsp;<\/p>\n<p>Nuestro equipo de atenci\u00f3n al cliente acompa\u00f1a al profesional desde el inicio del proyecto, con el objetivo de hacer realidad su idea, considerando tanta la funcionalidad como la est\u00e9tica del sistema.<\/p>\n<p>&nbsp;<\/p>\n<p>\u00bfQuiere descargarse el cat\u00e1logo TAMILUZ? CLIQUE AQU\u00cd<\/p>\n<p>Descubra otros sistemas de protecci\u00f3n solar TAMILUZ:[\/vc_column_text][\/vc_column_inner][\/vc_row_inner][\/vc_column][\/vc_row][vc_row full_width=\u00bbstretch_row_content\u00bb][vc_column el_class=\u00bbtamiluz-destacados-secciones-seo\u00bb]<div class=\"qodef-portfolio-list-holder qodef-grid-list qodef-disable-bottom-space qodef-pl-gallery qodef-three-columns qodef-small-space qodef-pl-standard-shader  qodef-pl-has-shadow        \"  data-type=gallery data-number-of-columns=three data-space-between-items=small data-number-of-items=-1 data-image-proportions=full data-enable-fixed-proportions=no data-enable-image-shadow=yes data-post-type=page data-selected-pages=1012,133 data-item-style=standard-shader data-enable-title=yes data-title-tag=h4 data-enable-excerpt=yes data-excerpt-length=200 data-enable-link=yes data-enable-article-animation=no data-max-num-pages=0 data-next-page=2>\n        <div class=\"qodef-pl-inner qodef-outer-space  clearfix carousel\">\n        <article class=\"qodef-pl-item qodef-item-space  post-1012 page type-page status-publish has-post-thumbnail hentry qodef-pi-small-9194 gallery-cell\"  data-item-class=\"qodef-pi-small-9194\">\n    <div class=\"qodef-pl-item-inner\">\n\n        <div class=\"qodef-pli-image\">\n\t<img loading=\"lazy\" decoding=\"async\" width=\"2560\" height=\"1475\" src=\"https:\/\/tamiluz.pruebaswb.com.es\/wp-content\/uploads\/2022\/10\/HABITATGES-MODOLELL-03-2-scaled.jpg\" class=\"attachment-full size-full wp-post-image\" alt=\"\" srcset=\"https:\/\/tamiluz.pruebaswb.com.es\/wp-content\/uploads\/2022\/10\/HABITATGES-MODOLELL-03-2-scaled.jpg 2560w, https:\/\/tamiluz.pruebaswb.com.es\/wp-content\/uploads\/2022\/10\/HABITATGES-MODOLELL-03-2-300x173.jpg 300w, https:\/\/tamiluz.pruebaswb.com.es\/wp-content\/uploads\/2022\/10\/HABITATGES-MODOLELL-03-2-1024x590.jpg 1024w, https:\/\/tamiluz.pruebaswb.com.es\/wp-content\/uploads\/2022\/10\/HABITATGES-MODOLELL-03-2-768x443.jpg 768w, https:\/\/tamiluz.pruebaswb.com.es\/wp-content\/uploads\/2022\/10\/HABITATGES-MODOLELL-03-2-1536x885.jpg 1536w, https:\/\/tamiluz.pruebaswb.com.es\/wp-content\/uploads\/2022\/10\/HABITATGES-MODOLELL-03-2-24x14.jpg 24w, https:\/\/tamiluz.pruebaswb.com.es\/wp-content\/uploads\/2022\/10\/HABITATGES-MODOLELL-03-2-36x21.jpg 36w, https:\/\/tamiluz.pruebaswb.com.es\/wp-content\/uploads\/2022\/10\/HABITATGES-MODOLELL-03-2-48x28.jpg 48w\" sizes=\"auto, (max-width: 2560px) 100vw, 2560px\" \/>    <\/div>\n<div class=\"qodef-pli-text-holder\" >\n    <div class=\"qodef-pli-text-wrapper\">\n        <div class=\"qodef-pli-text\">\n            \t<h4 itemprop=\"name\" class=\"qodef-pli-title entry-title\" >\n\t\t<span>Porticones y Contraventanas<\/span>\n\t<\/h4>\n\n            \n            \n            \t<p itemprop=\"description\" class=\"qodef-pli-excerpt\">Sistemas a medida de contraventanas opacas, perforadas o de metal expandido.<\/p>\n\n                    <\/div>\n    <\/div>\n<\/div>\n        <a itemprop=\"url\" class=\"qodef-pli-link qodef-block-drag-link\" href=\"https:\/\/tamiluz.pruebaswb.com.es\/?page_id=1012&#038;lang=es\" target=\"_self\"><\/a>\n    <\/div>\n<\/article><article class=\"qodef-pl-item qodef-item-space  post-133 page type-page status-publish has-post-thumbnail hentry qodef-pi-small-1096 gallery-cell\"  data-item-class=\"qodef-pi-small-1096\">\n    <div class=\"qodef-pl-item-inner\">\n\n        <div class=\"qodef-pli-image\">\n\t<img loading=\"lazy\" decoding=\"async\" width=\"650\" height=\"433\" src=\"https:\/\/tamiluz.pruebaswb.com.es\/wp-content\/uploads\/2020\/10\/CATAMARAN_CodaOffice_fotografoDavidFrutos_650x433.jpg\" class=\"attachment-full size-full wp-post-image\" alt=\"\" srcset=\"https:\/\/tamiluz.pruebaswb.com.es\/wp-content\/uploads\/2020\/10\/CATAMARAN_CodaOffice_fotografoDavidFrutos_650x433.jpg 650w, https:\/\/tamiluz.pruebaswb.com.es\/wp-content\/uploads\/2020\/10\/CATAMARAN_CodaOffice_fotografoDavidFrutos_650x433-300x200.jpg 300w, https:\/\/tamiluz.pruebaswb.com.es\/wp-content\/uploads\/2020\/10\/CATAMARAN_CodaOffice_fotografoDavidFrutos_650x433-24x16.jpg 24w, https:\/\/tamiluz.pruebaswb.com.es\/wp-content\/uploads\/2020\/10\/CATAMARAN_CodaOffice_fotografoDavidFrutos_650x433-36x24.jpg 36w, https:\/\/tamiluz.pruebaswb.com.es\/wp-content\/uploads\/2020\/10\/CATAMARAN_CodaOffice_fotografoDavidFrutos_650x433-48x32.jpg 48w\" sizes=\"auto, (max-width: 650px) 100vw, 650px\" \/>    <\/div>\n<div class=\"qodef-pli-text-holder\" >\n    <div class=\"qodef-pli-text-wrapper\">\n        <div class=\"qodef-pli-text\">\n            \t<h4 itemprop=\"name\" class=\"qodef-pli-title entry-title\" >\n\t\t<span>Referencias<\/span>\n\t<\/h4>\n\n            \n            \n            \t<p itemprop=\"description\" class=\"qodef-pli-excerpt\">Insp\u00edrate con nuestras realizaciones de alto impacto est\u00e9tico y funcional.<\/p>\n\n                    <\/div>\n    <\/div>\n<\/div>\n        <a itemprop=\"url\" class=\"qodef-pli-link qodef-block-drag-link\" href=\"https:\/\/tamiluz.pruebaswb.com.es\/?page_id=133&#038;lang=es\" target=\"_self\"><\/a>\n    <\/div>\n<\/article>    <\/div>\n    <\/div>[\/vc_column][\/vc_row][vc_row][vc_column][vc_row_inner][vc_column_inner el_class=\u00bbtamiluz-newsletter\u00bb]<div class=\"qodef-iwt clearfix tamiluz-volver-secciones-seo qodef-iwt-icon-left qodef-iwt-icon-tiny\">\n\t<div class=\"qodef-iwt-icon\">\n\t\t\t\t\t<a itemprop=\"url\" href=\"\/es\/proteccion-solar\" target=\"_self\">\n\t\t\t\t\t\t\t\t\t    <span class=\"qodef-icon-shortcode qodef-normal   qodef-icon-tiny\"  data-color=\"#fbb900\">\n                    <i class=\"qodef-icon-dripicons dripicon dripicons-chevron-left qodef-icon-element\" style=\"color: #fbb900;font-size:46px\" ><\/i>            <\/span>\n\t\t\t\t\t\t\t\t<\/a>\n\t\t\t<\/div>\n\t<div class=\"qodef-iwt-content\" >\n\t\t\t\t\t\t\t<p class=\"qodef-iwt-text\" >\n                                <a href=\"\/es\/proteccion-solar\">\n                                Volver                            <\/a>\n                        <\/p>\n\t\t\t<\/div>\n<\/div>[vc_raw_html]JTVCZm9vdGVyLWNvbnRhY3RvJTVE[\/vc_raw_html][\/vc_column_inner][\/vc_row_inner][\/vc_column][\/vc_row]<\/p>\n","protected":false},"excerpt":{"rendered":"<p>[vc_row full_width=\u00bbstretch_row_content_no_spaces\u00bb el_class=\u00bbtamiluz-wraper-productos-seo\u00bb][vc_column][vc_single_image image=\u00bb2582&#8243; img_size=\u00bbfull\u00bb el_class=\u00bbsombra-img vc_hidden-sm vc_hidden-xs vc_hidden-md\u00bb][vc_single_image image=\u00bb2581&#8243; img_size=\u00bbfull\u00bb el_class=\u00bbsombra-img vc_hidden-lg vc_hidden-xs\u00bb][vc_single_image image=\u00bb2580&#8243; img_size=\u00bbfull\u00bb el_class=\u00bbsombra-img vc_hidden-md vc_hidden-sm vc_hidden-lg\u00bb][\/vc_column][\/vc_row][vc_row row_content_width=\u00bbgrid\u00bb][vc_column][vc_row_inner el_class=\u00bbtamiluz-p-no-margin\u00bb][vc_column_inner width=\u00bb1\/2&#8243;][vc_column_text el_class=\u00bbtamiluz-quote-secciones\u00bb]Las contraventanas son elementos de cerramiento exterior aplicados a puertas y ventanas. Tamiluz dise\u00f1a y produce a [&hellip;]<\/p>\n","protected":false},"author":2,"featured_media":0,"parent":0,"menu_order":0,"comment_status":"closed","ping_status":"closed","template":"","meta":{"footnotes":""},"class_list":["post-2402","page","type-page","status-publish","hentry"],"lang":"es","translations":{"es":2402,"fr":3573,"en":3576},"pll_sync_post":[],"_links":{"self":[{"href":"https:\/\/tamiluz.pruebaswb.com.es\/index.php?rest_route=\/wp\/v2\/pages\/2402","targetHints":{"allow":["GET"]}}],"collection":[{"href":"https:\/\/tamiluz.pruebaswb.com.es\/index.php?rest_route=\/wp\/v2\/pages"}],"about":[{"href":"https:\/\/tamiluz.pruebaswb.com.es\/index.php?rest_route=\/wp\/v2\/types\/page"}],"author":[{"embeddable":true,"href":"https:\/\/tamiluz.pruebaswb.com.es\/index.php?rest_route=\/wp\/v2\/users\/2"}],"replies":[{"embeddable":true,"href":"https:\/\/tamiluz.pruebaswb.com.es\/index.php?rest_route=%2Fwp%2Fv2%2Fcomments&post=2402"}],"version-history":[{"count":7,"href":"https:\/\/tamiluz.pruebaswb.com.es\/index.php?rest_route=\/wp\/v2\/pages\/2402\/revisions"}],"predecessor-version":[{"id":4717,"href":"https:\/\/tamiluz.pruebaswb.com.es\/index.php?rest_route=\/wp\/v2\/pages\/2402\/revisions\/4717"}],"wp:attachment":[{"href":"https:\/\/tamiluz.pruebaswb.com.es\/index.php?rest_route=%2Fwp%2Fv2%2Fmedia&parent=2402"}],"curies":[{"name":"wp","href":"https:\/\/api.w.org\/{rel}","templated":true}]}}