{"id":3530,"date":"2019-09-23T14:52:00","date_gmt":"2019-09-23T12:52:00","guid":{"rendered":"http:\/\/tamiluz.pruebaswb.com.es\/?page_id=3530"},"modified":"2022-10-21T14:35:09","modified_gmt":"2022-10-21T12:35:09","slug":"celosias","status":"publish","type":"page","link":"https:\/\/tamiluz.pruebaswb.com.es\/?page_id=3530&lang=fr","title":{"rendered":"Persiennes"},"content":{"rendered":"<p>[vc_row full_width=\u00bbstretch_row_content_no_spaces\u00bb el_class=\u00bbtamiluz-wraper-productos-seo tamiluz-wraper-proteccion-solar\u00bb][vc_column][vc_single_image image=\u00bb2577&#8243; img_size=\u00bbfull\u00bb el_class=\u00bbsombra-img vc_hidden-sm vc_hidden-xs vc_hidden-md\u00bb][vc_single_image image=\u00bb2576&#8243; img_size=\u00bbfull\u00bb el_class=\u00bbsombra-img vc_hidden-lg vc_hidden-xs\u00bb][vc_single_image image=\u00bb2575&#8243; img_size=\u00bbfull\u00bb el_class=\u00bbsombra-img vc_hidden-md vc_hidden-sm vc_hidden-lg\u00bb][\/vc_column][\/vc_row][vc_row row_content_width=\u00bbgrid\u00bb][vc_column]<div class=\"qodef-section-title-holder tamiluz-h1-secciones qodef-st-standard qodef-st-title-left qodef-st-normal-space \" >\n\t<div class=\"qodef-st-inner\">\n\t\t\t\t\t\t\t<h1 class=\"qodef-st-title\" >\n\t\t\t\tCelos\u00edas\t\t\t<\/h1>\n\t\t\t\t\t<\/div>\n<\/div>[vc_row_inner el_class=\u00bbtamiluz-p-no-margin\u00bb][vc_column_inner width=\u00bb1\/2&#8243;][vc_column_text el_class=\u00bbtamiluz-quote-secciones\u00bb][\/vc_column_text][vc_column_text]Les persiennes sont des \u00e9l\u00e9ments architecturaux, historiquement d\u00e9finis comme des \u00abplanches ajour\u00e9es pour fermer des ouvertures telles que des fen\u00eatres et des balcons\u00bb (Fat\u00e1s, Guillermo ; Borr\u00e1s, Gonzalo (1993). Dictionnaire des termes de l&#8217;art).<\/p>\n<p>&nbsp;<\/p>\n<p>Destin\u00e9es \u00e0 prot\u00e9ger l&#8217;int\u00e9rieur sans le couper de l&#8217;ext\u00e9rieur, leur conception habituelle est celle d&#8217;un treillis ext\u00e9rieur fait de fines lattes fixes en bois ou en m\u00e9tal.<\/p>\n<p>La persienne est l&#8217;outil parfait pour cr\u00e9er une division subtile avec l&#8217;ext\u00e9rieur, prot\u00e9geant ainsi l&#8217;intimit\u00e9 de la maison.<\/p>\n<p>&nbsp;<\/p>\n<p>Tamiluz renouvelle ce classique de l&#8217;architecture en le redessinant pour l&#8217;adapter aux besoins actuels, en versions de persiennes pour terrasses ou balcons ou de persiennes pour fen\u00eatres.<\/p>\n<p>&nbsp;<\/p>\n<p>Les syst\u00e8mes de persiennes Tamiluz sont des <strong>syst\u00e8mes ext\u00e9rieurs compos\u00e9s d&#8217;un ensemble de lames fixes<\/strong>, toujours mont\u00e9es sur un cadre, appliqu\u00e9es sur des rails ou sur un cadre ext\u00e9rieur, selon la solution architecturale choisie. Le syst\u00e8me de pose peut \u00e9galement varier\u00a0: il peut \u00eatre fixe ou mobile.<\/p>\n<p>&nbsp;<\/p>\n<p>La conception personnalis\u00e9e de TAMILUZ et l&#8217;expertise technologique de notre \u00e9quipe nous permettent de proposer des persiennes dans de<strong> multiples syst\u00e8mes de construction<\/strong>, qu&#8217;ils soient fixes, coulissants, pliables, relevables, etc., dans le but de r\u00e9pondre aux besoins de tout projet architectural.<\/p>\n<p>[\/vc_column_text][\/vc_column_inner][vc_column_inner width=\u00bb1\/2&#8243;][vc_column_text]TAMILUZ pr\u00e9sente de nombreuses options, styles et fonctionnalit\u00e9s pour ses persiennes en bois et en aluminium. Nous offrons une large gamme de mat\u00e9riaux et de finitions pour les lames fixes, avec la personnalisation que cela permet.<\/p>\n<p>&nbsp;<\/p>\n<p>Notre recherche de la perfection, tant fonctionnelle qu&#8217;esth\u00e9tique, nous a conduit \u00e0 choisir l&#8217;aluminium comme seule option pour le cadre et le ch\u00e2ssis ext\u00e9rieur. Cela nous permet de garantir un r\u00e9sultat final optimal et durable ainsi que des finitions parfaites.<\/p>\n<p>&nbsp;<\/p>\n<p><a href=\"https:\/\/tamiluz.pruebaswb.com.es\/fr\/realisations\/\">D\u00c9COUVREZ ICI LES PROJETS R\u00c9ALIS\u00c9S AVEC DES SYST\u00c8MES DE persiennes<\/a><\/p>\n<p><a href=\"http:\/\/tamiluz.pruebaswb.com.es\/fr\/volets-lames-fixes-ou-orientables\/\">VOIR SYST\u00c8MES DE TREILLIS<\/a><\/p>\n<p><a href=\"http:\/\/tamiluz.pruebaswb.com.es\/fr\/actualites\/\">LIRE NOS DERNI\u00c8RES NOUVELLES<\/a><\/p>\n<p>&nbsp;<\/p>\n<p>Finitions en aluminium :<\/p>\n<ul>\n<li>Toutes les couleurs de la carte RAL, aussi bien brillantes que mates.<\/li>\n<li>Toutes les laques de la gamme Futura (application sous le label Qualicoat)<\/li>\n<\/ul>\n<p>TAMILUZ propose une large gamme de grilles en aluminium anodis\u00e9 d&#8217;une \u00e9paisseur standard de 15 microns (20 microns en option), selon un proc\u00e9d\u00e9 conforme aux directives Qualanod.<\/p>\n<p>&nbsp;<\/p>\n<p>Notre catalogue est l&#8217;outil qui nous permet d&#8217;entamer le dialogue qui m\u00e8nera \u00e0 la conception finale, sur la base des caract\u00e9ristiques architecturales et constructives requises.<\/p>\n<p>Notre \u00e9quipe de service client\u00e8le accompagne le professionnel depuis le d\u00e9but de son projet, dans le but de concr\u00e9tiser son id\u00e9e de projet et de lui offrir le meilleur service, jusqu&#8217;\u00e0 l&#8217;installation finale.<\/p>\n<p>&nbsp;<\/p>\n<p>Voulez-vous t\u00e9l\u00e9charger le catalogue TAMILUZ ? CLIQUEZ ICI<\/p>\n<p>D\u00e9couvrez les autres syst\u00e8mes de protection solaire TAMILUZ :[\/vc_column_text][\/vc_column_inner][\/vc_row_inner][\/vc_column][\/vc_row][vc_row full_width=\u00bbstretch_row_content\u00bb][vc_column el_class=\u00bbtamiluz-destacados-secciones-seo\u00bb]<div class=\"qodef-portfolio-list-holder qodef-grid-list qodef-disable-bottom-space qodef-pl-gallery qodef-three-columns qodef-small-space qodef-pl-standard-shader  qodef-pl-has-shadow        \"  data-type=gallery data-number-of-columns=three data-space-between-items=small data-number-of-items=-1 data-image-proportions=full data-enable-fixed-proportions=no data-enable-image-shadow=yes data-post-type=page data-selected-pages=1000,252,133 data-item-style=standard-shader data-enable-title=yes data-title-tag=h4 data-enable-excerpt=yes data-excerpt-length=200 data-enable-link=yes data-enable-article-animation=no data-max-num-pages=0 data-next-page=2>\n        <div class=\"qodef-pl-inner qodef-outer-space  clearfix carousel\">\n        <article class=\"qodef-pl-item qodef-item-space  post-1000 page type-page status-publish has-post-thumbnail hentry qodef-pi-small-6284 gallery-cell\"  data-item-class=\"qodef-pi-small-6284\">\n    <div class=\"qodef-pl-item-inner\">\n\n        <div class=\"qodef-pli-image\">\n\t<img loading=\"lazy\" decoding=\"async\" width=\"650\" height=\"433\" src=\"https:\/\/tamiluz.pruebaswb.com.es\/wp-content\/uploads\/2020\/10\/Persianas_Ilot-des-Mariniers_PabloKatzArchitecture_FotografoChristineSeghezzi_650x433.jpg\" class=\"attachment-full size-full wp-post-image\" alt=\"\" srcset=\"https:\/\/tamiluz.pruebaswb.com.es\/wp-content\/uploads\/2020\/10\/Persianas_Ilot-des-Mariniers_PabloKatzArchitecture_FotografoChristineSeghezzi_650x433.jpg 650w, https:\/\/tamiluz.pruebaswb.com.es\/wp-content\/uploads\/2020\/10\/Persianas_Ilot-des-Mariniers_PabloKatzArchitecture_FotografoChristineSeghezzi_650x433-300x200.jpg 300w, https:\/\/tamiluz.pruebaswb.com.es\/wp-content\/uploads\/2020\/10\/Persianas_Ilot-des-Mariniers_PabloKatzArchitecture_FotografoChristineSeghezzi_650x433-24x16.jpg 24w, https:\/\/tamiluz.pruebaswb.com.es\/wp-content\/uploads\/2020\/10\/Persianas_Ilot-des-Mariniers_PabloKatzArchitecture_FotografoChristineSeghezzi_650x433-36x24.jpg 36w, https:\/\/tamiluz.pruebaswb.com.es\/wp-content\/uploads\/2020\/10\/Persianas_Ilot-des-Mariniers_PabloKatzArchitecture_FotografoChristineSeghezzi_650x433-48x32.jpg 48w\" sizes=\"auto, (max-width: 650px) 100vw, 650px\" \/>    <\/div>\n<div class=\"qodef-pli-text-holder\" >\n    <div class=\"qodef-pli-text-wrapper\">\n        <div class=\"qodef-pli-text\">\n            \t<h4 itemprop=\"name\" class=\"qodef-pli-title entry-title\" >\n\t\t<span>Persianas &#038; Celos\u00edas<\/span>\n\t<\/h4>\n\n            \n            \n            \t<p itemprop=\"description\" class=\"qodef-pli-excerpt\">Descubra sistemas de lamas fijas u orientables, en m\u00faltiples sistemas constructivos.<\/p>\n\n                    <\/div>\n    <\/div>\n<\/div>\n        <a itemprop=\"url\" class=\"qodef-pli-link qodef-block-drag-link\" href=\"https:\/\/tamiluz.pruebaswb.com.es\/?page_id=1000&#038;lang=es\" target=\"_self\"><\/a>\n    <\/div>\n<\/article><article class=\"qodef-pl-item qodef-item-space  post-133 page type-page status-publish has-post-thumbnail hentry qodef-pi-small-5117 gallery-cell\"  data-item-class=\"qodef-pi-small-5117\">\n    <div class=\"qodef-pl-item-inner\">\n\n        <div class=\"qodef-pli-image\">\n\t<img loading=\"lazy\" decoding=\"async\" width=\"650\" height=\"433\" src=\"https:\/\/tamiluz.pruebaswb.com.es\/wp-content\/uploads\/2020\/10\/CATAMARAN_CodaOffice_fotografoDavidFrutos_650x433.jpg\" class=\"attachment-full size-full wp-post-image\" alt=\"\" srcset=\"https:\/\/tamiluz.pruebaswb.com.es\/wp-content\/uploads\/2020\/10\/CATAMARAN_CodaOffice_fotografoDavidFrutos_650x433.jpg 650w, https:\/\/tamiluz.pruebaswb.com.es\/wp-content\/uploads\/2020\/10\/CATAMARAN_CodaOffice_fotografoDavidFrutos_650x433-300x200.jpg 300w, https:\/\/tamiluz.pruebaswb.com.es\/wp-content\/uploads\/2020\/10\/CATAMARAN_CodaOffice_fotografoDavidFrutos_650x433-24x16.jpg 24w, https:\/\/tamiluz.pruebaswb.com.es\/wp-content\/uploads\/2020\/10\/CATAMARAN_CodaOffice_fotografoDavidFrutos_650x433-36x24.jpg 36w, https:\/\/tamiluz.pruebaswb.com.es\/wp-content\/uploads\/2020\/10\/CATAMARAN_CodaOffice_fotografoDavidFrutos_650x433-48x32.jpg 48w\" sizes=\"auto, (max-width: 650px) 100vw, 650px\" \/>    <\/div>\n<div class=\"qodef-pli-text-holder\" >\n    <div class=\"qodef-pli-text-wrapper\">\n        <div class=\"qodef-pli-text\">\n            \t<h4 itemprop=\"name\" class=\"qodef-pli-title entry-title\" >\n\t\t<span>Referencias<\/span>\n\t<\/h4>\n\n            \n            \n            \t<p itemprop=\"description\" class=\"qodef-pli-excerpt\">Insp\u00edrate con nuestras realizaciones de alto impacto est\u00e9tico y funcional.<\/p>\n\n                    <\/div>\n    <\/div>\n<\/div>\n        <a itemprop=\"url\" class=\"qodef-pli-link qodef-block-drag-link\" href=\"https:\/\/tamiluz.pruebaswb.com.es\/?page_id=133&#038;lang=es\" target=\"_self\"><\/a>\n    <\/div>\n<\/article>    <\/div>\n    <\/div>[\/vc_column][\/vc_row][vc_row][vc_column][vc_row_inner][vc_column_inner el_class=\u00bbtamiluz-newsletter\u00bb]<div class=\"qodef-iwt clearfix tamiluz-volver-secciones-seo qodef-iwt-icon-left qodef-iwt-icon-tiny\">\n\t<div class=\"qodef-iwt-icon\">\n\t\t\t\t\t<a itemprop=\"url\" href=\"\/es\/proteccion-solar\" target=\"_self\">\n\t\t\t\t\t\t\t\t\t    <span class=\"qodef-icon-shortcode qodef-normal   qodef-icon-tiny\"  data-color=\"#fbb900\">\n                    <i class=\"qodef-icon-dripicons dripicon dripicons-chevron-left qodef-icon-element\" style=\"color: #fbb900;font-size:46px\" ><\/i>            <\/span>\n\t\t\t\t\t\t\t\t<\/a>\n\t\t\t<\/div>\n\t<div class=\"qodef-iwt-content\" >\n\t\t\t\t\t\t\t<p class=\"qodef-iwt-text\" >\n                                <a href=\"\/es\/proteccion-solar\">\n                                Volver                            <\/a>\n                        <\/p>\n\t\t\t<\/div>\n<\/div>[vc_raw_html]JTVCZm9vdGVyLWNvbnRhY3RvJTVE[\/vc_raw_html][\/vc_column_inner][\/vc_row_inner][\/vc_column][\/vc_row]<\/p>\n","protected":false},"excerpt":{"rendered":"<p>[vc_row full_width=\u00bbstretch_row_content_no_spaces\u00bb el_class=\u00bbtamiluz-wraper-productos-seo tamiluz-wraper-proteccion-solar\u00bb][vc_column][vc_single_image image=\u00bb2577&#8243; img_size=\u00bbfull\u00bb el_class=\u00bbsombra-img vc_hidden-sm vc_hidden-xs vc_hidden-md\u00bb][vc_single_image image=\u00bb2576&#8243; img_size=\u00bbfull\u00bb el_class=\u00bbsombra-img vc_hidden-lg vc_hidden-xs\u00bb][vc_single_image image=\u00bb2575&#8243; img_size=\u00bbfull\u00bb el_class=\u00bbsombra-img vc_hidden-md vc_hidden-sm vc_hidden-lg\u00bb][\/vc_column][\/vc_row][vc_row row_content_width=\u00bbgrid\u00bb][vc_column][vc_row_inner el_class=\u00bbtamiluz-p-no-margin\u00bb][vc_column_inner width=\u00bb1\/2&#8243;][vc_column_text el_class=\u00bbtamiluz-quote-secciones\u00bb][\/vc_column_text][vc_column_text]Les persiennes sont des \u00e9l\u00e9ments architecturaux, historiquement d\u00e9finis comme des \u00abplanches ajour\u00e9es pour fermer des ouvertures [&hellip;]<\/p>\n","protected":false},"author":5,"featured_media":0,"parent":0,"menu_order":0,"comment_status":"closed","ping_status":"closed","template":"","meta":{"footnotes":""},"class_list":["post-3530","page","type-page","status-publish","hentry"],"lang":"fr","translations":{"fr":3530,"es":1218,"en":3533},"pll_sync_post":[],"_links":{"self":[{"href":"https:\/\/tamiluz.pruebaswb.com.es\/index.php?rest_route=\/wp\/v2\/pages\/3530","targetHints":{"allow":["GET"]}}],"collection":[{"href":"https:\/\/tamiluz.pruebaswb.com.es\/index.php?rest_route=\/wp\/v2\/pages"}],"about":[{"href":"https:\/\/tamiluz.pruebaswb.com.es\/index.php?rest_route=\/wp\/v2\/types\/page"}],"author":[{"embeddable":true,"href":"https:\/\/tamiluz.pruebaswb.com.es\/index.php?rest_route=\/wp\/v2\/users\/5"}],"replies":[{"embeddable":true,"href":"https:\/\/tamiluz.pruebaswb.com.es\/index.php?rest_route=%2Fwp%2Fv2%2Fcomments&post=3530"}],"version-history":[{"count":6,"href":"https:\/\/tamiluz.pruebaswb.com.es\/index.php?rest_route=\/wp\/v2\/pages\/3530\/revisions"}],"predecessor-version":[{"id":4711,"href":"https:\/\/tamiluz.pruebaswb.com.es\/index.php?rest_route=\/wp\/v2\/pages\/3530\/revisions\/4711"}],"wp:attachment":[{"href":"https:\/\/tamiluz.pruebaswb.com.es\/index.php?rest_route=%2Fwp%2Fv2%2Fmedia&parent=3530"}],"curies":[{"name":"wp","href":"https:\/\/api.w.org\/{rel}","templated":true}]}}