{"id":3537,"date":"2019-09-23T14:52:00","date_gmt":"2019-09-23T12:52:00","guid":{"rendered":"http:\/\/tamiluz.pruebaswb.com.es\/?page_id=3537"},"modified":"2022-10-21T15:04:07","modified_gmt":"2022-10-21T13:04:07","slug":"brise-soleil","status":"publish","type":"page","link":"https:\/\/tamiluz.pruebaswb.com.es\/?page_id=3537&lang=fr","title":{"rendered":"Brise-Soleil"},"content":{"rendered":"<p>[vc_row full_width=\u00bbstretch_row_content_no_spaces\u00bb el_class=\u00bbtamiluz-wraper-productos-seo tamiluz-wraper-proteccion-solar\u00bb][vc_column][vc_single_image image=\u00bb2570&#8243; img_size=\u00bbfull\u00bb el_class=\u00bbsombra-img vc_hidden-sm vc_hidden-xs vc_hidden-md\u00bb][vc_single_image image=\u00bb2569&#8243; img_size=\u00bbfull\u00bb el_class=\u00bbsombra-img vc_hidden-lg vc_hidden-xs\u00bb][vc_single_image image=\u00bb2568&#8243; img_size=\u00bbfull\u00bb el_class=\u00bbsombra-img vc_hidden-md vc_hidden-sm vc_hidden-lg\u00bb][\/vc_column][\/vc_row][vc_row row_content_width=\u00bbgrid\u00bb][vc_column]<div class=\"qodef-section-title-holder tamiluz-h1-secciones qodef-st-standard qodef-st-title-left qodef-st-normal-space \" >\n\t<div class=\"qodef-st-inner\">\n\t\t\t\t\t\t\t<h1 class=\"qodef-st-title\" >\n\t\t\t\tBrise Soleil\t\t\t<\/h1>\n\t\t\t\t\t<\/div>\n<\/div>[vc_row_inner el_class=\u00bbtamiluz-p-no-margin\u00bb][vc_column_inner width=\u00bb1\/2&#8243;][vc_column_text el_class=\u00bbtamiluz-quote-secciones\u00bb]Les brise-soleils, \u00e9galement appel\u00e9 pare-soleils, sont des syst\u00e8mes de lames fixes ou orientables de plus de 1,50 m de longueur, g\u00e9n\u00e9ralement mis en oeuvre dans les b\u00e2timents de bureaux, sanitaires, d&#8217;enseignement ou commerciaux. Ils conforment un syst\u00e8me de protection solaire passif qui contribue de mani\u00e8re significative \u00e0 l&#8217;efficacit\u00e9 \u00e9nerg\u00e9tique du b\u00e2timent et au bien-\u00eatre de ses utilisateurs, en filtrant l&#8217;entr\u00e9e d\u2019apport solaire de mani\u00e8re \u00e0 adoucir la temp\u00e9rature int\u00e9rieure.<\/p>\n<p>Selon la disposition des lattes, on parle de brise soleil horizontal ou de brise soleil vertical.<\/p>\n<p>TAMILUZ poss\u00e8de une grande exp\u00e9rience dans la conception sur mesure de syst\u00e8mes de protection solaire passive et propose des syst\u00e8mes brise-soleil en aluminium ainsi que des brise-soleils en bois ou en HPL.<\/p>\n<p>Nous concevons et produisons nos syst\u00e8mes brise soleil dans notre centre de production de Barcelone, au moyen de mat\u00e9riaux s\u00e9lectionn\u00e9s d&#8217;origine europ\u00e9enne, et en conformit\u00e9 avec des certifications prestigieuses.[\/vc_column_text][\/vc_column_inner][vc_column_inner width=\u00bb1\/2&#8243;][vc_column_text]<a href=\"http:\/\/tamiluz.pruebaswb.com.es\/fr\/realisations\/\">D\u00c9COUVREZ ICI DES PROJETS AVEC BRISE-SOLEIL<\/a><\/p>\n<p>&nbsp;<\/p>\n<p><a href=\"http:\/\/tamiluz.pruebaswb.com.es\/fr\/brise-vue-brise-soleil\/\">VOIR LES SYST\u00c8MES BRISE SOLEIL<\/a><\/p>\n<p>&nbsp;<\/p>\n<p><a href=\"http:\/\/tamiluz.pruebaswb.com.es\/fr\/actualites\/\">LIRE NOS PLUS R\u00c9CENTES ACTUALIT\u00c9S<\/a><\/p>\n<p>&nbsp;<\/p>\n<p>&nbsp;<\/p>\n<p><strong>Finitions en aluminium :<\/strong><\/p>\n<p>&nbsp;<\/p>\n<ul>\n<li>Toutes les couleurs de la carte RAL, aussi bien brillantes que mates.<\/li>\n<li>Toutes les laques de la gamme Futura (application sous label Qualicoat)<\/li>\n<\/ul>\n<p>Dans le cas de syst\u00e8mes en aluminium anodis\u00e9, TAMILUZ propose une large gamme de tons, en \u00e9paisseur standard de 15 microns (20 microns en option), selon un proc\u00e9d\u00e9 conforme aux directives Qualanod.<\/p>\n<p>&nbsp;<\/p>\n<p>Les brise-soleil TAMILUZ sont con\u00e7us sur mesure pour chaque projet, en partant de l&#8217;id\u00e9e originale de l&#8217;architecte ou des besoins de l&#8217;installateur. Notre catalogue est l&#8217;outil qui nous permet d&#8217;entamer le dialogue qui m\u00e8nera \u00e0 la conception finale, sur la base des caract\u00e9ristiques architecturales et constructives requises.<\/p>\n<p>&nbsp;<\/p>\n<p>Notre \u00e9quipe du service client\u00e8le accompagne le professionnel d\u00e8s le d\u00e9but du projet, dans le but d\u2019en concr\u00e9tiser l&#8217;id\u00e9e, en tenant compte \u00e0 la fois de la fonctionnalit\u00e9 et de l&#8217;esth\u00e9tique du syst\u00e8me.<\/p>\n<p>&nbsp;<\/p>\n<p>Vous souhaitez t\u00e9l\u00e9charger le catalogue TAMILUZ ? CLIQUEZ ICI<\/p>\n<p>&nbsp;<\/p>\n<p>D\u00e9couvrez les autres syst\u00e8mes de protection solaire TAMILUZ :[\/vc_column_text][\/vc_column_inner][\/vc_row_inner][\/vc_column][\/vc_row][vc_row full_width=\u00bbstretch_row_content\u00bb][vc_column el_class=\u00bbtamiluz-destacados-secciones-seo\u00bb]<div class=\"qodef-portfolio-list-holder qodef-grid-list qodef-disable-bottom-space qodef-pl-gallery qodef-three-columns qodef-small-space qodef-pl-standard-shader  qodef-pl-has-shadow        \"  data-type=gallery data-number-of-columns=three data-space-between-items=small data-number-of-items=-1 data-image-proportions=full data-enable-fixed-proportions=no data-enable-image-shadow=yes data-post-type=page data-selected-pages=1006,133 data-item-style=standard-shader data-enable-title=yes data-title-tag=h4 data-enable-excerpt=yes data-excerpt-length=200 data-enable-link=yes data-enable-article-animation=no data-max-num-pages=0 data-next-page=2>\n        <div class=\"qodef-pl-inner qodef-outer-space  clearfix carousel\">\n        <article class=\"qodef-pl-item qodef-item-space  post-1006 page type-page status-publish has-post-thumbnail hentry qodef-pi-small-8681 gallery-cell\"  data-item-class=\"qodef-pi-small-8681\">\n    <div class=\"qodef-pl-item-inner\">\n\n        <div class=\"qodef-pli-image\">\n\t<img loading=\"lazy\" decoding=\"async\" width=\"650\" height=\"433\" src=\"https:\/\/tamiluz.pruebaswb.com.es\/wp-content\/uploads\/2020\/10\/Cortasoles_HOSPITALMATEUORFILA_650x433.jpg\" class=\"attachment-full size-full wp-post-image\" alt=\"\" srcset=\"https:\/\/tamiluz.pruebaswb.com.es\/wp-content\/uploads\/2020\/10\/Cortasoles_HOSPITALMATEUORFILA_650x433.jpg 650w, https:\/\/tamiluz.pruebaswb.com.es\/wp-content\/uploads\/2020\/10\/Cortasoles_HOSPITALMATEUORFILA_650x433-300x200.jpg 300w, https:\/\/tamiluz.pruebaswb.com.es\/wp-content\/uploads\/2020\/10\/Cortasoles_HOSPITALMATEUORFILA_650x433-24x16.jpg 24w, https:\/\/tamiluz.pruebaswb.com.es\/wp-content\/uploads\/2020\/10\/Cortasoles_HOSPITALMATEUORFILA_650x433-36x24.jpg 36w, https:\/\/tamiluz.pruebaswb.com.es\/wp-content\/uploads\/2020\/10\/Cortasoles_HOSPITALMATEUORFILA_650x433-48x32.jpg 48w\" sizes=\"auto, (max-width: 650px) 100vw, 650px\" \/>    <\/div>\n<div class=\"qodef-pli-text-holder\" >\n    <div class=\"qodef-pli-text-wrapper\">\n        <div class=\"qodef-pli-text\">\n            \t<h4 itemprop=\"name\" class=\"qodef-pli-title entry-title\" >\n\t\t<span>Cortasoles, Quiebrasoles &#038; Brise-Soleil<\/span>\n\t<\/h4>\n\n            \n            \n            \t<p itemprop=\"description\" class=\"qodef-pli-excerpt\">Sistemas de gran formato de lamas fijas o lamas orientables, de madera o aluminio.<\/p>\n\n                    <\/div>\n    <\/div>\n<\/div>\n        <a itemprop=\"url\" class=\"qodef-pli-link qodef-block-drag-link\" href=\"https:\/\/tamiluz.pruebaswb.com.es\/?page_id=1006&#038;lang=es\" target=\"_self\"><\/a>\n    <\/div>\n<\/article><article class=\"qodef-pl-item qodef-item-space  post-133 page type-page status-publish has-post-thumbnail hentry qodef-pi-small-4348 gallery-cell\"  data-item-class=\"qodef-pi-small-4348\">\n    <div class=\"qodef-pl-item-inner\">\n\n        <div class=\"qodef-pli-image\">\n\t<img loading=\"lazy\" decoding=\"async\" width=\"650\" height=\"433\" src=\"https:\/\/tamiluz.pruebaswb.com.es\/wp-content\/uploads\/2020\/10\/CATAMARAN_CodaOffice_fotografoDavidFrutos_650x433.jpg\" class=\"attachment-full size-full wp-post-image\" alt=\"\" srcset=\"https:\/\/tamiluz.pruebaswb.com.es\/wp-content\/uploads\/2020\/10\/CATAMARAN_CodaOffice_fotografoDavidFrutos_650x433.jpg 650w, https:\/\/tamiluz.pruebaswb.com.es\/wp-content\/uploads\/2020\/10\/CATAMARAN_CodaOffice_fotografoDavidFrutos_650x433-300x200.jpg 300w, https:\/\/tamiluz.pruebaswb.com.es\/wp-content\/uploads\/2020\/10\/CATAMARAN_CodaOffice_fotografoDavidFrutos_650x433-24x16.jpg 24w, https:\/\/tamiluz.pruebaswb.com.es\/wp-content\/uploads\/2020\/10\/CATAMARAN_CodaOffice_fotografoDavidFrutos_650x433-36x24.jpg 36w, https:\/\/tamiluz.pruebaswb.com.es\/wp-content\/uploads\/2020\/10\/CATAMARAN_CodaOffice_fotografoDavidFrutos_650x433-48x32.jpg 48w\" sizes=\"auto, (max-width: 650px) 100vw, 650px\" \/>    <\/div>\n<div class=\"qodef-pli-text-holder\" >\n    <div class=\"qodef-pli-text-wrapper\">\n        <div class=\"qodef-pli-text\">\n            \t<h4 itemprop=\"name\" class=\"qodef-pli-title entry-title\" >\n\t\t<span>Referencias<\/span>\n\t<\/h4>\n\n            \n            \n            \t<p itemprop=\"description\" class=\"qodef-pli-excerpt\">Insp\u00edrate con nuestras realizaciones de alto impacto est\u00e9tico y funcional.<\/p>\n\n                    <\/div>\n    <\/div>\n<\/div>\n        <a itemprop=\"url\" class=\"qodef-pli-link qodef-block-drag-link\" href=\"https:\/\/tamiluz.pruebaswb.com.es\/?page_id=133&#038;lang=es\" target=\"_self\"><\/a>\n    <\/div>\n<\/article>    <\/div>\n    <\/div>[\/vc_column][\/vc_row][vc_row][vc_column][vc_row_inner][vc_column_inner el_class=\u00bbtamiluz-newsletter\u00bb]<div class=\"qodef-iwt clearfix tamiluz-volver-secciones-seo qodef-iwt-icon-left qodef-iwt-icon-tiny\">\n\t<div class=\"qodef-iwt-icon\">\n\t\t\t\t\t<a itemprop=\"url\" href=\"\/es\/proteccion-solar\" target=\"_self\">\n\t\t\t\t\t\t\t\t\t    <span class=\"qodef-icon-shortcode qodef-normal   qodef-icon-tiny\"  data-color=\"#fbb900\">\n                    <i class=\"qodef-icon-dripicons dripicon dripicons-chevron-left qodef-icon-element\" style=\"color: #fbb900;font-size:46px\" ><\/i>            <\/span>\n\t\t\t\t\t\t\t\t<\/a>\n\t\t\t<\/div>\n\t<div class=\"qodef-iwt-content\" >\n\t\t\t\t\t\t\t<p class=\"qodef-iwt-text\" >\n                                <a href=\"\/es\/proteccion-solar\">\n                                Volver                            <\/a>\n                        <\/p>\n\t\t\t<\/div>\n<\/div>[vc_raw_html]JTVCZm9vdGVyLWNvbnRhY3RvJTVE[\/vc_raw_html][\/vc_column_inner][\/vc_row_inner][\/vc_column][\/vc_row]<\/p>\n","protected":false},"excerpt":{"rendered":"<p>[vc_row full_width=\u00bbstretch_row_content_no_spaces\u00bb el_class=\u00bbtamiluz-wraper-productos-seo tamiluz-wraper-proteccion-solar\u00bb][vc_column][vc_single_image image=\u00bb2570&#8243; img_size=\u00bbfull\u00bb el_class=\u00bbsombra-img vc_hidden-sm vc_hidden-xs vc_hidden-md\u00bb][vc_single_image image=\u00bb2569&#8243; img_size=\u00bbfull\u00bb el_class=\u00bbsombra-img vc_hidden-lg vc_hidden-xs\u00bb][vc_single_image image=\u00bb2568&#8243; img_size=\u00bbfull\u00bb el_class=\u00bbsombra-img vc_hidden-md vc_hidden-sm vc_hidden-lg\u00bb][\/vc_column][\/vc_row][vc_row row_content_width=\u00bbgrid\u00bb][vc_column][vc_row_inner el_class=\u00bbtamiluz-p-no-margin\u00bb][vc_column_inner width=\u00bb1\/2&#8243;][vc_column_text el_class=\u00bbtamiluz-quote-secciones\u00bb]Les brise-soleils, \u00e9galement appel\u00e9 pare-soleils, sont des syst\u00e8mes de lames fixes ou orientables de plus de [&hellip;]<\/p>\n","protected":false},"author":5,"featured_media":0,"parent":0,"menu_order":0,"comment_status":"closed","ping_status":"closed","template":"","meta":{"footnotes":""},"class_list":["post-3537","page","type-page","status-publish","hentry"],"lang":"fr","translations":{"fr":3537,"es":2374,"en":3539},"pll_sync_post":[],"_links":{"self":[{"href":"https:\/\/tamiluz.pruebaswb.com.es\/index.php?rest_route=\/wp\/v2\/pages\/3537","targetHints":{"allow":["GET"]}}],"collection":[{"href":"https:\/\/tamiluz.pruebaswb.com.es\/index.php?rest_route=\/wp\/v2\/pages"}],"about":[{"href":"https:\/\/tamiluz.pruebaswb.com.es\/index.php?rest_route=\/wp\/v2\/types\/page"}],"author":[{"embeddable":true,"href":"https:\/\/tamiluz.pruebaswb.com.es\/index.php?rest_route=\/wp\/v2\/users\/5"}],"replies":[{"embeddable":true,"href":"https:\/\/tamiluz.pruebaswb.com.es\/index.php?rest_route=%2Fwp%2Fv2%2Fcomments&post=3537"}],"version-history":[{"count":4,"href":"https:\/\/tamiluz.pruebaswb.com.es\/index.php?rest_route=\/wp\/v2\/pages\/3537\/revisions"}],"predecessor-version":[{"id":4735,"href":"https:\/\/tamiluz.pruebaswb.com.es\/index.php?rest_route=\/wp\/v2\/pages\/3537\/revisions\/4735"}],"wp:attachment":[{"href":"https:\/\/tamiluz.pruebaswb.com.es\/index.php?rest_route=%2Fwp%2Fv2%2Fmedia&parent=3537"}],"curies":[{"name":"wp","href":"https:\/\/api.w.org\/{rel}","templated":true}]}}