{"id":3553,"date":"2019-09-18T04:05:47","date_gmt":"2019-09-18T02:05:47","guid":{"rendered":"http:\/\/tamiluz.pruebaswb.com.es\/?page_id=3553"},"modified":"2022-09-30T13:57:03","modified_gmt":"2022-09-30T11:57:03","slug":"descargas-tamiluz","status":"publish","type":"page","link":"https:\/\/tamiluz.pruebaswb.com.es\/?page_id=3553&lang=fr","title":{"rendered":"T\u00e9l\u00e9chargements"},"content":{"rendered":"<p>[vc_row el_class=\u00bbtamiluz-wraper-proteccion-solar\u00bb][vc_column offset=\u00bbvc_hidden-xs\u00bb el_class=\u00bbtamiluz-block-brandbg\u00bb][vc_single_image image=\u00bb2479&#8243; img_size=\u00bbfull\u00bb el_class=\u00bbsombra-img vc_hidden-sm vc_hidden-xs vc_hidden-md\u00bb][vc_single_image image=\u00bb2438&#8243; img_size=\u00bbfull\u00bb el_class=\u00bbsombra-img vc_hidden-lg vc_hidden-xs\u00bb][vc_single_image image=\u00bb2437&#8243; img_size=\u00bbfull\u00bb el_class=\u00bbsombra-img vc_hidden-md vc_hidden-sm vc_hidden-lg\u00bb][vc_row_inner el_class=\u00bbtamiluz-container-empresa\u00bb][vc_column_inner]<div class=\"qodef-section-title-holder tamiluz-h1-secciones qodef-st-standard qodef-st-title-left qodef-st-normal-space \" >\n\t<div class=\"qodef-st-inner\">\n\t\t\t\t\t\t\t<h1 class=\"qodef-st-title\" >\n\t\t\t\tT\u00e9l\u00e9chargements\t\t\t<\/h1>\n\t\t\t\t\t<\/div>\n<\/div>[\/vc_column_inner][\/vc_row_inner][vc_row_inner el_class=\u00bbtamiluz-container-empresa tamiluz-p-no-margin\u00bb][vc_column_inner][vc_column_text el_class=\u00bbtamiluz-quote-secciones\u00bb]Sur cette page, vous pouvez t\u00e9l\u00e9charger nos catalogues de produits et nos fiches techniques, ainsi que la documentation technique relative aux diff\u00e9rents syst\u00e8mes de construction.[\/vc_column_text][vc_column_text]Le filtre vous aidera \u00e0 d\u00e9finir les param\u00e8tres de s\u00e9lection afin d&#8217;obtenir le mat\u00e9riau souhait\u00e9.<\/p>\n<p>&nbsp;<\/p>\n<p>Si vous ne trouvez pas les informations que vous recherchez, veuillez nous contacter ici.[\/vc_column_text][\/vc_column_inner][\/vc_row_inner][\/vc_column][\/vc_row][vc_row el_class=\u00bbtamiluz-wraper-empresa\u00bb][vc_column el_class=\u00bbdestacados descargas\u00bb][vc_row_inner][vc_column_inner][vc_raw_html]JTVCZGVzY2FyZ2FzJTIwY2F0JTNEJTIyMTIyJTIyJTVE[\/vc_raw_html][vc_raw_html]JTVCZGVzY2FyZ2FzJTIwY2F0JTNEJTIyMTMwJTIyJTVE[\/vc_raw_html][\/vc_column_inner][\/vc_row_inner][\/vc_column][\/vc_row][vc_row el_class=\u00bbtamiluz-wraper-empresa\u00bb][vc_column el_class=\u00bbtamiluz-garantia-calidad-texto\u00bb][vc_row_inner el_class=\u00bbtamiluz-contacto-empresa-container\u00bb][vc_column_inner el_class=\u00bbtamiluz-newsletter\u00bb][vc_raw_html]JTVCZm9vdGVyLWNvbnRhY3RvJTVE[\/vc_raw_html][\/vc_column_inner][\/vc_row_inner][\/vc_column][\/vc_row]<\/p>\n","protected":false},"excerpt":{"rendered":"<p>Aqu\u00ed tiene acceso a nuestros cat\u00e1logos y fichas de productos. \u00a1Escoja y descargue!<\/p>\n","protected":false},"author":5,"featured_media":3554,"parent":0,"menu_order":0,"comment_status":"closed","ping_status":"closed","template":"full-width.php","meta":{"footnotes":""},"class_list":["post-3553","page","type-page","status-publish","has-post-thumbnail","hentry"],"lang":"fr","translations":{"fr":3553,"es":2028,"en":3557},"pll_sync_post":[],"_links":{"self":[{"href":"https:\/\/tamiluz.pruebaswb.com.es\/index.php?rest_route=\/wp\/v2\/pages\/3553","targetHints":{"allow":["GET"]}}],"collection":[{"href":"https:\/\/tamiluz.pruebaswb.com.es\/index.php?rest_route=\/wp\/v2\/pages"}],"about":[{"href":"https:\/\/tamiluz.pruebaswb.com.es\/index.php?rest_route=\/wp\/v2\/types\/page"}],"author":[{"embeddable":true,"href":"https:\/\/tamiluz.pruebaswb.com.es\/index.php?rest_route=\/wp\/v2\/users\/5"}],"replies":[{"embeddable":true,"href":"https:\/\/tamiluz.pruebaswb.com.es\/index.php?rest_route=%2Fwp%2Fv2%2Fcomments&post=3553"}],"version-history":[{"count":2,"href":"https:\/\/tamiluz.pruebaswb.com.es\/index.php?rest_route=\/wp\/v2\/pages\/3553\/revisions"}],"predecessor-version":[{"id":3556,"href":"https:\/\/tamiluz.pruebaswb.com.es\/index.php?rest_route=\/wp\/v2\/pages\/3553\/revisions\/3556"}],"wp:featuredmedia":[{"embeddable":true,"href":"https:\/\/tamiluz.pruebaswb.com.es\/index.php?rest_route=\/wp\/v2\/media\/3554"}],"wp:attachment":[{"href":"https:\/\/tamiluz.pruebaswb.com.es\/index.php?rest_route=%2Fwp%2Fv2%2Fmedia&parent=3553"}],"curies":[{"name":"wp","href":"https:\/\/api.w.org\/{rel}","templated":true}]}}