{"id":3565,"date":"2019-09-23T14:52:00","date_gmt":"2019-09-23T12:52:00","guid":{"rendered":"http:\/\/tamiluz.pruebaswb.com.es\/?page_id=3565"},"modified":"2022-10-21T14:51:08","modified_gmt":"2022-10-21T12:51:08","slug":"porticones","status":"publish","type":"page","link":"https:\/\/tamiluz.pruebaswb.com.es\/?page_id=3565&lang=fr","title":{"rendered":"Volets"},"content":{"rendered":"<p>[vc_row full_width=\u00bbstretch_row_content_no_spaces\u00bb el_class=\u00bbtamiluz-wraper-productos-seo\u00bb][vc_column][vc_single_image image=\u00bb2594&#8243; img_size=\u00bbfull\u00bb el_class=\u00bbsombra-img vc_hidden-sm vc_hidden-xs vc_hidden-md\u00bb][vc_single_image image=\u00bb2593&#8243; img_size=\u00bbfull\u00bb el_class=\u00bbsombra-img vc_hidden-lg vc_hidden-xs\u00bb][vc_single_image image=\u00bb2592&#8243; img_size=\u00bbfull\u00bb el_class=\u00bbsombra-img vc_hidden-md vc_hidden-sm vc_hidden-lg\u00bb][\/vc_column][\/vc_row][vc_row row_content_width=\u00bbgrid\u00bb][vc_column]<div class=\"qodef-section-title-holder tamiluz-h1-secciones qodef-st-standard qodef-st-title-left qodef-st-normal-space \" >\n\t<div class=\"qodef-st-inner\">\n\t\t\t\t\t\t\t<h1 class=\"qodef-st-title\" >\n\t\t\t\tVolets\t\t\t<\/h1>\n\t\t\t\t\t<\/div>\n<\/div>[vc_row_inner el_class=\u00bbtamiluz-p-no-margin\u00bb][vc_column_inner width=\u00bb1\/2&#8243;][vc_column_text el_class=\u00bbtamiluz-quote-secciones\u00bb]Les volets sont l&#8217;un des syst\u00e8mes de fermeture ext\u00e9rieure les plus courants pour les portes et les fen\u00eatres. Tamiluz con\u00e7oit et produit des volets en aluminium, des volets en bois et des volets en HPL, sur mesure, quel que soit votre projet architectural.<\/p>\n<p>[\/vc_column_text][vc_column_text]Le volet est un type de fermeture tr\u00e8s particulier. Il privil\u00e9gie l\u2019occultation par devant l\u2019a\u00e9ration. Tamiluz, en tant qu&#8217;expert en protection solaire, le diff\u00e9rencie clairement de ses syst\u00e8mes \u00e0 lames fixes ou de ses volets persienn\u00e9s \u00e0 lames orientables.<\/p>\n<p>&nbsp;<\/p>\n<p>Les volets TAMILUZ pour portes, fen\u00eatres ou balcons se composent de panneaux pleins en bois, m\u00e9tal ou HPL, \u00a0ou de panneaux fantaisie (en m\u00e9tal perfor\u00e9 ou d\u00e9ploy\u00e9) qui peuvent \u00eatre mont\u00e9s sur une grande vari\u00e9t\u00e9 de syst\u00e8mes architecturaux. Outre le syst\u00e8me classique de volets battants, TAMILUZ propose des syst\u00e8mes coulissants, pliants, fixes, pliables-coulissants, relevables ou en saillie, par exemple.<\/p>\n<p><strong>\u00a0<\/strong><\/p>\n<p><strong>Volets : panneaux pleins ou panneaux fantaisie<\/strong><\/p>\n<p>Les volets TAMILUZ sont con\u00e7us sur mesure pour chaque projet, tant dans leur dimension fonctionnelle qu&#8217;esth\u00e9tique.<\/p>\n<p>La conception des volets, le type de remplissage et le mat\u00e9riau utilis\u00e9 d\u00e9pendront du degr\u00e9 d&#8217;int\u00e9gration ou de contraste avec la fa\u00e7ade qu\u2019envisage l\u2019architecte.<\/p>\n<p>&nbsp;<\/p>\n<p>Bien que le volet en bois soit le type de volet le plus classique, l&#8217;aluminium et d&#8217;autres m\u00e9taux peuvent \u00eatre travaill\u00e9s de mani\u00e8re tr\u00e8s imaginative. Ils cr\u00e9ent une grande vari\u00e9t\u00e9 d&#8217;effets de lumi\u00e8re et de ventilation en perforant et en \u00e9largissant la t\u00f4le. Les volets en aluminium sont une valeur s\u00fbre en termes de design et de confort, car ils ne n\u00e9cessitent aucun entretien.<\/p>\n<p>&nbsp;<\/p>\n<p>Qu&#8217;il s&#8217;agisse de panneaux aveugles pour assurer une occultation totale dans les chambres \u00e0 coucher ou de panneaux en m\u00e9tal d\u00e9ploy\u00e9 ou perfor\u00e9 pour cr\u00e9er des effets d\u2019ombre et de lumi\u00e8re, Tamiluz con\u00e7oit et produit aussi bien les syst\u00e8mes de protection solaire et d&#8217;occultation que les ferrures et accessoires associ\u00e9s, garantissant ainsi des finitions de qualit\u00e9 et une adaptation parfaite, ainsi qu&#8217;un service apr\u00e8s-vente de grande qualit\u00e9.[\/vc_column_text][\/vc_column_inner][vc_column_inner width=\u00bb1\/2&#8243;][vc_column_text]<strong>Volets et mouvement : syst\u00e8mes architecturaux<\/strong><\/p>\n<p>&nbsp;<\/p>\n<p><strong>\u00a0<\/strong>Le mouvement est l&#8217;une des propri\u00e9t\u00e9s les plus pr\u00e9cieuses des volets et autres syst\u00e8mes de protection solaire passive. Conform\u00e9ment \u00e0 sa philosophie de conception sur mesure, TAMILUZ propose de nombreux syst\u00e8mes architecturaux et va au-del\u00e0 du volet battant classique.<\/p>\n<p>&nbsp;<\/p>\n<p>Les volets coulissants et les volets pliables-coulissants, entre autres, sont devenus une option de fermeture tr\u00e8s appr\u00e9ci\u00e9e pour les fen\u00eatres et les portes, mais aussi pour les balcons et loggias. Ils permettent de donner de l&#8217;intimit\u00e9 \u00e0 cet espace ext\u00e9rieur, en l\u2019int\u00e9grant \u00e0 la maison.<\/p>\n<p>&nbsp;<\/p>\n<p>Le mouvement du syst\u00e8me offre une grande libert\u00e9 \u00e0 l&#8217;utilisateur et lui permet de jouer \u00e0 sa guise avec la lumi\u00e8re, l\u2019occultation, la ventilation ou la protection solaire.<\/p>\n<p>&nbsp;<\/p>\n<p>L&#8217;option de pose en levage, saillie ou m\u00eame fixe, \u00a0permet \u00e9galement de r\u00e9aliser des fa\u00e7ades int\u00e9ressantes et tr\u00e8s dynamiques.<\/p>\n<p>&nbsp;<\/p>\n<p><a href=\"http:\/\/tamiluz.pruebaswb.com.es\/fr\/realisations\/\">D\u00c9COUVREZ ICI LES PROJETS AVEC DES SYST\u00c8MES DE VOLETS<\/a><\/p>\n<p>&nbsp;<\/p>\n<p><a href=\"http:\/\/tamiluz.pruebaswb.com.es\/fr\/volets-panneaux-pleins-ou-fantaisie\/\">VOIR SYST\u00c8MES DE VOLETS<\/a><\/p>\n<p>&nbsp;<\/p>\n<p><a href=\"http:\/\/tamiluz.pruebaswb.com.es\/fr\/actualites\/\">LIRE NOS DERNI\u00c8RES ACTUALIT\u00c9S<\/a><\/p>\n<p>&nbsp;<\/p>\n<p>&nbsp;<\/p>\n<p><strong>Finitions en aluminium :<\/strong><\/p>\n<ul>\n<li>Toutes les couleurs de la carte RAL, tant brillantes que mates.<\/li>\n<li>Toutes les laques de la gamme Futura (application sous le label Qualicoat)<\/li>\n<\/ul>\n<p>Dans les syst\u00e8mes en aluminium anodis\u00e9, TAMILUZ offre une large gamme de nuances, avec une \u00e9paisseur standard de 15 microns (20 microns en option), avec un processus qui respecte les directives du label Qualanod.<\/p>\n<p><strong>\u00a0<\/strong><\/p>\n<p>Les volets TAMILUZ sont con\u00e7us sur mesure pour chaque projet, en fonction de l&#8217;id\u00e9e originale de l&#8217;architecte ou des besoins de l&#8217;installateur. Notre catalogue est l&#8217;outil qui nous permet d&#8217;entamer le dialogue qui m\u00e8nera \u00e0 la conception finale, sur la base des caract\u00e9ristiques architecturales et constructives requises.<\/p>\n<p>&nbsp;<\/p>\n<p>Les volets ext\u00e9rieurs TAMILUZ, appliqu\u00e9s aux fen\u00eatres et aux portes, aux terrasses et aux balcons, am\u00e9liorent l&#8217;efficacit\u00e9 \u00e9nerg\u00e9tique du b\u00e2timent.[\/vc_column_text][\/vc_column_inner][\/vc_row_inner][\/vc_column][\/vc_row][vc_row full_width=\u00bbstretch_row_content\u00bb][vc_column el_class=\u00bbtamiluz-destacados-secciones-seo\u00bb]<div class=\"qodef-portfolio-list-holder qodef-grid-list qodef-disable-bottom-space qodef-pl-gallery qodef-three-columns qodef-small-space qodef-pl-standard-shader  qodef-pl-has-shadow        \"  data-type=gallery data-number-of-columns=three data-space-between-items=small data-number-of-items=-1 data-image-proportions=full data-enable-fixed-proportions=no data-enable-image-shadow=yes data-post-type=page data-selected-pages=1012,133 data-item-style=standard-shader data-enable-title=yes data-title-tag=h4 data-enable-excerpt=yes data-excerpt-length=200 data-enable-link=yes data-enable-article-animation=no data-max-num-pages=0 data-next-page=2>\n        <div class=\"qodef-pl-inner qodef-outer-space  clearfix carousel\">\n        <article class=\"qodef-pl-item qodef-item-space  post-1012 page type-page status-publish has-post-thumbnail hentry qodef-pi-small-2878 gallery-cell\"  data-item-class=\"qodef-pi-small-2878\">\n    <div class=\"qodef-pl-item-inner\">\n\n        <div class=\"qodef-pli-image\">\n\t<img loading=\"lazy\" decoding=\"async\" width=\"2560\" height=\"1475\" src=\"https:\/\/tamiluz.pruebaswb.com.es\/wp-content\/uploads\/2022\/10\/HABITATGES-MODOLELL-03-2-scaled.jpg\" class=\"attachment-full size-full wp-post-image\" alt=\"\" srcset=\"https:\/\/tamiluz.pruebaswb.com.es\/wp-content\/uploads\/2022\/10\/HABITATGES-MODOLELL-03-2-scaled.jpg 2560w, https:\/\/tamiluz.pruebaswb.com.es\/wp-content\/uploads\/2022\/10\/HABITATGES-MODOLELL-03-2-300x173.jpg 300w, https:\/\/tamiluz.pruebaswb.com.es\/wp-content\/uploads\/2022\/10\/HABITATGES-MODOLELL-03-2-1024x590.jpg 1024w, https:\/\/tamiluz.pruebaswb.com.es\/wp-content\/uploads\/2022\/10\/HABITATGES-MODOLELL-03-2-768x443.jpg 768w, https:\/\/tamiluz.pruebaswb.com.es\/wp-content\/uploads\/2022\/10\/HABITATGES-MODOLELL-03-2-1536x885.jpg 1536w, https:\/\/tamiluz.pruebaswb.com.es\/wp-content\/uploads\/2022\/10\/HABITATGES-MODOLELL-03-2-24x14.jpg 24w, https:\/\/tamiluz.pruebaswb.com.es\/wp-content\/uploads\/2022\/10\/HABITATGES-MODOLELL-03-2-36x21.jpg 36w, https:\/\/tamiluz.pruebaswb.com.es\/wp-content\/uploads\/2022\/10\/HABITATGES-MODOLELL-03-2-48x28.jpg 48w\" sizes=\"auto, (max-width: 2560px) 100vw, 2560px\" \/>    <\/div>\n<div class=\"qodef-pli-text-holder\" >\n    <div class=\"qodef-pli-text-wrapper\">\n        <div class=\"qodef-pli-text\">\n            \t<h4 itemprop=\"name\" class=\"qodef-pli-title entry-title\" >\n\t\t<span>Porticones y Contraventanas<\/span>\n\t<\/h4>\n\n            \n            \n            \t<p itemprop=\"description\" class=\"qodef-pli-excerpt\">Sistemas a medida de contraventanas opacas, perforadas o de metal expandido.<\/p>\n\n                    <\/div>\n    <\/div>\n<\/div>\n        <a itemprop=\"url\" class=\"qodef-pli-link qodef-block-drag-link\" href=\"https:\/\/tamiluz.pruebaswb.com.es\/?page_id=1012&#038;lang=es\" target=\"_self\"><\/a>\n    <\/div>\n<\/article><article class=\"qodef-pl-item qodef-item-space  post-133 page type-page status-publish has-post-thumbnail hentry qodef-pi-small-7864 gallery-cell\"  data-item-class=\"qodef-pi-small-7864\">\n    <div class=\"qodef-pl-item-inner\">\n\n        <div class=\"qodef-pli-image\">\n\t<img loading=\"lazy\" decoding=\"async\" width=\"650\" height=\"433\" src=\"https:\/\/tamiluz.pruebaswb.com.es\/wp-content\/uploads\/2020\/10\/CATAMARAN_CodaOffice_fotografoDavidFrutos_650x433.jpg\" class=\"attachment-full size-full wp-post-image\" alt=\"\" srcset=\"https:\/\/tamiluz.pruebaswb.com.es\/wp-content\/uploads\/2020\/10\/CATAMARAN_CodaOffice_fotografoDavidFrutos_650x433.jpg 650w, https:\/\/tamiluz.pruebaswb.com.es\/wp-content\/uploads\/2020\/10\/CATAMARAN_CodaOffice_fotografoDavidFrutos_650x433-300x200.jpg 300w, https:\/\/tamiluz.pruebaswb.com.es\/wp-content\/uploads\/2020\/10\/CATAMARAN_CodaOffice_fotografoDavidFrutos_650x433-24x16.jpg 24w, https:\/\/tamiluz.pruebaswb.com.es\/wp-content\/uploads\/2020\/10\/CATAMARAN_CodaOffice_fotografoDavidFrutos_650x433-36x24.jpg 36w, https:\/\/tamiluz.pruebaswb.com.es\/wp-content\/uploads\/2020\/10\/CATAMARAN_CodaOffice_fotografoDavidFrutos_650x433-48x32.jpg 48w\" sizes=\"auto, (max-width: 650px) 100vw, 650px\" \/>    <\/div>\n<div class=\"qodef-pli-text-holder\" >\n    <div class=\"qodef-pli-text-wrapper\">\n        <div class=\"qodef-pli-text\">\n            \t<h4 itemprop=\"name\" class=\"qodef-pli-title entry-title\" >\n\t\t<span>Referencias<\/span>\n\t<\/h4>\n\n            \n            \n            \t<p itemprop=\"description\" class=\"qodef-pli-excerpt\">Insp\u00edrate con nuestras realizaciones de alto impacto est\u00e9tico y funcional.<\/p>\n\n                    <\/div>\n    <\/div>\n<\/div>\n        <a itemprop=\"url\" class=\"qodef-pli-link qodef-block-drag-link\" href=\"https:\/\/tamiluz.pruebaswb.com.es\/?page_id=133&#038;lang=es\" target=\"_self\"><\/a>\n    <\/div>\n<\/article>    <\/div>\n    <\/div>[\/vc_column][\/vc_row][vc_row][vc_column][vc_row_inner][vc_column_inner el_class=\u00bbtamiluz-newsletter\u00bb]<div class=\"qodef-iwt clearfix tamiluz-volver-secciones-seo qodef-iwt-icon-left qodef-iwt-icon-tiny\">\n\t<div class=\"qodef-iwt-icon\">\n\t\t\t\t\t<a itemprop=\"url\" href=\"\/es\/proteccion-solar\" target=\"_self\">\n\t\t\t\t\t\t\t\t\t    <span class=\"qodef-icon-shortcode qodef-normal   qodef-icon-tiny\"  data-color=\"#fbb900\">\n                    <i class=\"qodef-icon-dripicons dripicon dripicons-chevron-left qodef-icon-element\" style=\"color: #fbb900;font-size:46px\" ><\/i>            <\/span>\n\t\t\t\t\t\t\t\t<\/a>\n\t\t\t<\/div>\n\t<div class=\"qodef-iwt-content\" >\n\t\t\t\t\t\t\t<p class=\"qodef-iwt-text\" >\n                                <a href=\"\/es\/proteccion-solar\">\n                                Volver                            <\/a>\n                        <\/p>\n\t\t\t<\/div>\n<\/div>[vc_raw_html]JTVCZm9vdGVyLWNvbnRhY3RvJTVE[\/vc_raw_html][\/vc_column_inner][\/vc_row_inner][\/vc_column][\/vc_row]<\/p>\n","protected":false},"excerpt":{"rendered":"<p>[vc_row full_width=\u00bbstretch_row_content_no_spaces\u00bb el_class=\u00bbtamiluz-wraper-productos-seo\u00bb][vc_column][vc_single_image image=\u00bb2594&#8243; img_size=\u00bbfull\u00bb el_class=\u00bbsombra-img vc_hidden-sm vc_hidden-xs vc_hidden-md\u00bb][vc_single_image image=\u00bb2593&#8243; img_size=\u00bbfull\u00bb el_class=\u00bbsombra-img vc_hidden-lg vc_hidden-xs\u00bb][vc_single_image image=\u00bb2592&#8243; img_size=\u00bbfull\u00bb el_class=\u00bbsombra-img vc_hidden-md vc_hidden-sm vc_hidden-lg\u00bb][\/vc_column][\/vc_row][vc_row row_content_width=\u00bbgrid\u00bb][vc_column][vc_row_inner el_class=\u00bbtamiluz-p-no-margin\u00bb][vc_column_inner width=\u00bb1\/2&#8243;][vc_column_text el_class=\u00bbtamiluz-quote-secciones\u00bb]Les volets sont l&#8217;un des syst\u00e8mes de fermeture ext\u00e9rieure les plus courants pour les portes et les [&hellip;]<\/p>\n","protected":false},"author":5,"featured_media":0,"parent":0,"menu_order":0,"comment_status":"closed","ping_status":"closed","template":"","meta":{"footnotes":""},"class_list":["post-3565","page","type-page","status-publish","hentry"],"lang":"fr","translations":{"fr":3565,"es":2397,"en":3568},"pll_sync_post":[],"_links":{"self":[{"href":"https:\/\/tamiluz.pruebaswb.com.es\/index.php?rest_route=\/wp\/v2\/pages\/3565","targetHints":{"allow":["GET"]}}],"collection":[{"href":"https:\/\/tamiluz.pruebaswb.com.es\/index.php?rest_route=\/wp\/v2\/pages"}],"about":[{"href":"https:\/\/tamiluz.pruebaswb.com.es\/index.php?rest_route=\/wp\/v2\/types\/page"}],"author":[{"embeddable":true,"href":"https:\/\/tamiluz.pruebaswb.com.es\/index.php?rest_route=\/wp\/v2\/users\/5"}],"replies":[{"embeddable":true,"href":"https:\/\/tamiluz.pruebaswb.com.es\/index.php?rest_route=%2Fwp%2Fv2%2Fcomments&post=3565"}],"version-history":[{"count":5,"href":"https:\/\/tamiluz.pruebaswb.com.es\/index.php?rest_route=\/wp\/v2\/pages\/3565\/revisions"}],"predecessor-version":[{"id":4727,"href":"https:\/\/tamiluz.pruebaswb.com.es\/index.php?rest_route=\/wp\/v2\/pages\/3565\/revisions\/4727"}],"wp:attachment":[{"href":"https:\/\/tamiluz.pruebaswb.com.es\/index.php?rest_route=%2Fwp%2Fv2%2Fmedia&parent=3565"}],"curies":[{"name":"wp","href":"https:\/\/api.w.org\/{rel}","templated":true}]}}