{"id":3581,"date":"2019-09-23T14:52:00","date_gmt":"2019-09-23T12:52:00","guid":{"rendered":"http:\/\/tamiluz.pruebaswb.com.es\/?page_id=3581"},"modified":"2022-09-30T14:54:49","modified_gmt":"2022-09-30T12:54:49","slug":"persianas","status":"publish","type":"page","link":"https:\/\/tamiluz.pruebaswb.com.es\/?page_id=3581&lang=fr","title":{"rendered":"Volets persienn\u00e9s"},"content":{"rendered":"<p>[vc_row full_width=\u00bbstretch_row_content_no_spaces\u00bb el_class=\u00bbtamiluz-wraper-productos-seo\u00bb][vc_column][vc_single_image image=\u00bb2590&#8243; img_size=\u00bbfull\u00bb el_class=\u00bbsombra-img vc_hidden-sm vc_hidden-xs vc_hidden-md\u00bb][vc_single_image image=\u00bb2589&#8243; img_size=\u00bbfull\u00bb el_class=\u00bbsombra-img vc_hidden-lg vc_hidden-xs\u00bb][vc_single_image image=\u00bb2588&#8243; img_size=\u00bbfull\u00bb el_class=\u00bbsombra-img vc_hidden-md vc_hidden-sm vc_hidden-lg\u00bb][\/vc_column][\/vc_row][vc_row row_content_width=\u00bbgrid\u00bb][vc_column]<div class=\"qodef-section-title-holder tamiluz-h1-secciones qodef-st-standard qodef-st-title-left qodef-st-normal-space \" >\n\t<div class=\"qodef-st-inner\">\n\t\t\t\t\t\t\t<h1 class=\"qodef-st-title\" >\n\t\t\t\tVolets persienn\u00e9s\t\t\t<\/h1>\n\t\t\t\t\t<\/div>\n<\/div>[vc_row_inner el_class=\u00bbtamiluz-p-no-margin\u00bb][vc_column_inner width=\u00bb1\/2&#8243;][vc_column_text el_class=\u00bbtamiluz-quote-secciones\u00bb]Les volets ext\u00e9rieurs TAMILUZ sont con\u00e7us sur mesure pour \u00eatre utilis\u00e9s sur des fen\u00eatres, des portes, des balcons et des terrasses, et sont disponibles dans une large gamme de syst\u00e8mes de construction.[\/vc_column_text][vc_column_text]Deux \u00e9l\u00e9ments principaux distinguent les volets des autres syst\u00e8mes de protection solaire passive Tamiluz :<\/p>\n<p>&nbsp;<\/p>\n<p><strong>Volets \u00e0 lames r\u00e9glables<\/strong><\/p>\n<p>Dans l&#8217;univers TAMILUZ, les volets en bois tout comme les volets en aluminium sont des syst\u00e8mes sur mesure \u00e0 lames orientables, mont\u00e9es sur un cadre ou un ch\u00e2ssis en aluminium, par opposition aux persiennes, qui sont des syst\u00e8mes \u00e0 lames fixes.<\/p>\n<p>&nbsp;<\/p>\n<p>Les volets persienn\u00e9s sont des syst\u00e8mes orientables qui permettent \u00e0 l&#8217;utilisateur de personnaliser \u00e0 tout moment le degr\u00e9 de protection solaire, de ventilation et d&#8217;occultation en modifiant simplement l&#8217;orientation des lames, par actionnement manuel ou motoris\u00e9.<\/p>\n<p>La conception sur mesure des syst\u00e8mes de volets persienn\u00e9s Tamiluz tient compte \u00e0 la fois de la s\u00e9paration entre les lames, de leur forme et de leur chevauchement, ainsi que du mat\u00e9riau utilis\u00e9, assurant ainsi une infinit\u00e9 de fa\u00e7ons de filtrer la lumi\u00e8re et de pr\u00e9server l&#8217;intimit\u00e9.<\/p>\n<p>&nbsp;<\/p>\n<p>Les avantages des volets comme syst\u00e8me de protection solaire sont appr\u00e9ci\u00e9s depuis l&#8217;Antiquit\u00e9 dans l&#8217;arc m\u00e9diterran\u00e9en et leur utilisation s&#8217;est r\u00e9pandue dans toute l&#8217;Europe. La barri\u00e8re subtile qu&#8217;ils cr\u00e9ent entre l&#8217;int\u00e9rieur et l&#8217;ext\u00e9rieur permet d&#8217;\u00e9tendre l&#8217;intimit\u00e9 du logement aux terrasses et aux balcons, tandis que les fen\u00eatres \u00e0 persiennes occultent l&#8217;int\u00e9rieur sans pour autant le priver de lumi\u00e8re naturelle ou de ventilation. Dans tous les cas, les volets persienn\u00e9s ext\u00e9rieurs cr\u00e9ent un agr\u00e9able jeu d&#8217;ombre et de lumi\u00e8re et font office de protection solaire passive, augmentant ainsi l&#8217;efficacit\u00e9 \u00e9nerg\u00e9tique du b\u00e2timent, qu&#8217;il s&#8217;agisse de persiennes en bois, de persiennes en aluminium ou en HPL.<\/p>\n<p>Les lames des volets orientables TAMILUZ peuvent \u00eatre actionn\u00e9es manuellement ou par moteur.<\/p>\n<p>&nbsp;<\/p>\n<p><strong>\u00a0<\/strong><strong>Volets et mouvements : syst\u00e8mes de pose<\/strong><\/p>\n<p>Un syst\u00e8me de lames orientables TAMILUZ, qu&#8217;il s&#8217;agisse d&#8217;un syst\u00e8me de volets \u00e0 lames verticales ou \u00e0 lames horizontales, est toujours mont\u00e9 sur un cadre en aluminium, \u00e0 son tour appliqu\u00e9 sur des rails ou sur un cadre ext\u00e9rieur.<\/p>\n<p>Ce cadre, \u00e0 son tour, est fixe ou mobile, selon la solution architecturale choisie pour chaque projet. Les persiennes ext\u00e9rieures sont aptes pour diff\u00e9rents types de pose, qu&#8217;il s&#8217;agisse de syst\u00e8mes fixes, coulissants, repliables, projetables, etc. Les multiples combinaisons de tous les \u00e9l\u00e9ments (mouvement d\u2019ouverture, syst\u00e8me architectural, type et taille des lames, distance entre lames, orientation des lames, finitions\u2026). Elles offrent donc une grande vari\u00e9t\u00e9 de volets ext\u00e9rieurs, aux styles tr\u00e8s diff\u00e9rents, capables de r\u00e9pondre aux besoins de tout projet architectural.[\/vc_column_text][\/vc_column_inner][vc_column_inner width=\u00bb1\/2&#8243;][vc_column_text]D\u00c9COUVREZ ICI DES PROJETS \u00c0 VOLETS PERSIENN\u00c9S \u00c0 LAMES ORIENTABLES.<\/p>\n<p>&nbsp;<\/p>\n<p>VOIR LES SYST\u00c8MES DE VOLETS \u00c0 LAMES ORIENTABLES<\/p>\n<p>&nbsp;<\/p>\n<p>LIRE NOS DERNI\u00c8RES NOUVELLES<\/p>\n<p><strong>\u00a0<\/strong><\/p>\n<p><strong>Volets et mat\u00e9riaux<\/strong><\/p>\n<p><strong>\u00a0<\/strong>En coh\u00e9rence avec la philosophie de conception sur mesure de notre marque et notre exigence de qualit\u00e9, TAMILUZ pr\u00e9sente de nombreuses options de mat\u00e9riaux, de styles et de fonctionnalit\u00e9s pour les lames des volets persienn\u00e9s. L&#8217;aluminium, le bois trait\u00e9 thermiquement, le HPL sont quelques-uns des mat\u00e9riaux propos\u00e9s, l&#8217;aluminium \u00e9tant notre seul choix pour le cadre et le ch\u00e2ssis ext\u00e9rieur : il nous permet de garantir un excellent r\u00e9sultat final, durable dans le temps. Lorsqu&#8217;on parle de volets persienn\u00e9s en bois, on parlera ainsi de volets-persiennes \u00e0 lames en bois sur un cadre ou un ch\u00e2ssis en aluminium, et lorsqu&#8217;on parle de volets persienn\u00e9s en aluminium, on parlera de volets \u00e0 lames en aluminium sur un cadre ou un ch\u00e2ssis en aluminium.<\/p>\n<p><strong>\u00a0<\/strong><\/p>\n<p><strong>\u00a0<\/strong>Finitions en aluminium :<\/p>\n<ul>\n<li>Toutes les couleurs de la carte RAL, tant brillantes que mates.<\/li>\n<li>Toutes les laques de la charte Futura (application sous label Qualicoat).<\/li>\n<\/ul>\n<p>Dans les syst\u00e8mes en aluminium anodis\u00e9, TAMILUZ offre une large gamme de nuances, avec une \u00e9paisseur standard de 15 microns (20 microns en option), avec un processus conforme aux directives du label Qualanod.<\/p>\n<p><strong>\u00a0<\/strong><strong>\u00a0<\/strong><\/p>\n<p>Les volets TAMILUZ sont con\u00e7us sur mesure pour chaque projet, sur la base de l&#8217;id\u00e9e originale de l&#8217;architecte ou des besoins de l&#8217;installateur. Notre catalogue est l&#8217;outil qui nous permet d&#8217;entamer le dialogue qui m\u00e8nera \u00e0 la conception finale, sur la base des caract\u00e9ristiques architecturales et constructives requises.<\/p>\n<p>&nbsp;<\/p>\n<p>Les volets ext\u00e9rieurs TAMILUZ, appliqu\u00e9s aux fen\u00eatres et portes, terrasses et balcons, am\u00e9liorent l&#8217;efficacit\u00e9 \u00e9nerg\u00e9tique du b\u00e2timent.<\/p>\n<p>&nbsp;<\/p>\n<p>Notre \u00e9quipe de service \u00e0 la client\u00e8le accompagne le professionnel d\u00e8s le d\u00e9but du projet, dans le but de faire de son id\u00e9e de conception une r\u00e9alit\u00e9, en tenant compte \u00e0 la fois de la fonctionnalit\u00e9 et de l&#8217;esth\u00e9tique du syst\u00e8me.<\/p>\n<p>&nbsp;<\/p>\n<p>Vous souhaitez t\u00e9l\u00e9charger le catalogue TAMILUZ ? CLIQUEZ ICI<\/p>\n<p>&nbsp;<\/p>\n<p>D\u00e9couvrez les autres syst\u00e8mes de protection solaire TAMILUZ :<\/p>\n<p><strong>\u00a0<\/strong><\/p>\n<p><strong>\u00a0<\/strong>[\/vc_column_text][\/vc_column_inner][\/vc_row_inner][\/vc_column][\/vc_row][vc_row full_width=\u00bbstretch_row_content\u00bb][vc_column el_class=\u00bbtamiluz-destacados-secciones-seo\u00bb]<div class=\"qodef-portfolio-list-holder qodef-grid-list qodef-disable-bottom-space qodef-pl-gallery qodef-three-columns qodef-small-space qodef-pl-standard-shader  qodef-pl-has-shadow        \"  data-type=gallery data-number-of-columns=three data-space-between-items=small data-number-of-items=-1 data-image-proportions=full data-enable-fixed-proportions=no data-enable-image-shadow=yes data-post-type=page data-selected-pages=1000,252,133 data-item-style=standard-shader data-enable-title=yes data-title-tag=h4 data-enable-excerpt=yes data-excerpt-length=200 data-enable-link=yes data-enable-article-animation=no data-max-num-pages=0 data-next-page=2>\n        <div class=\"qodef-pl-inner qodef-outer-space  clearfix carousel\">\n        <article class=\"qodef-pl-item qodef-item-space  post-1000 page type-page status-publish has-post-thumbnail hentry qodef-pi-small-1852 gallery-cell\"  data-item-class=\"qodef-pi-small-1852\">\n    <div class=\"qodef-pl-item-inner\">\n\n        <div class=\"qodef-pli-image\">\n\t<img loading=\"lazy\" decoding=\"async\" width=\"650\" height=\"433\" src=\"https:\/\/tamiluz.pruebaswb.com.es\/wp-content\/uploads\/2020\/10\/Persianas_Ilot-des-Mariniers_PabloKatzArchitecture_FotografoChristineSeghezzi_650x433.jpg\" class=\"attachment-full size-full wp-post-image\" alt=\"\" srcset=\"https:\/\/tamiluz.pruebaswb.com.es\/wp-content\/uploads\/2020\/10\/Persianas_Ilot-des-Mariniers_PabloKatzArchitecture_FotografoChristineSeghezzi_650x433.jpg 650w, https:\/\/tamiluz.pruebaswb.com.es\/wp-content\/uploads\/2020\/10\/Persianas_Ilot-des-Mariniers_PabloKatzArchitecture_FotografoChristineSeghezzi_650x433-300x200.jpg 300w, https:\/\/tamiluz.pruebaswb.com.es\/wp-content\/uploads\/2020\/10\/Persianas_Ilot-des-Mariniers_PabloKatzArchitecture_FotografoChristineSeghezzi_650x433-24x16.jpg 24w, https:\/\/tamiluz.pruebaswb.com.es\/wp-content\/uploads\/2020\/10\/Persianas_Ilot-des-Mariniers_PabloKatzArchitecture_FotografoChristineSeghezzi_650x433-36x24.jpg 36w, https:\/\/tamiluz.pruebaswb.com.es\/wp-content\/uploads\/2020\/10\/Persianas_Ilot-des-Mariniers_PabloKatzArchitecture_FotografoChristineSeghezzi_650x433-48x32.jpg 48w\" sizes=\"auto, (max-width: 650px) 100vw, 650px\" \/>    <\/div>\n<div class=\"qodef-pli-text-holder\" >\n    <div class=\"qodef-pli-text-wrapper\">\n        <div class=\"qodef-pli-text\">\n            \t<h4 itemprop=\"name\" class=\"qodef-pli-title entry-title\" >\n\t\t<span>Persianas &#038; Celos\u00edas<\/span>\n\t<\/h4>\n\n            \n            \n            \t<p itemprop=\"description\" class=\"qodef-pli-excerpt\">Descubra sistemas de lamas fijas u orientables, en m\u00faltiples sistemas constructivos.<\/p>\n\n                    <\/div>\n    <\/div>\n<\/div>\n        <a itemprop=\"url\" class=\"qodef-pli-link qodef-block-drag-link\" href=\"https:\/\/tamiluz.pruebaswb.com.es\/?page_id=1000&#038;lang=es\" target=\"_self\"><\/a>\n    <\/div>\n<\/article><article class=\"qodef-pl-item qodef-item-space  post-133 page type-page status-publish has-post-thumbnail hentry qodef-pi-small-1080 gallery-cell\"  data-item-class=\"qodef-pi-small-1080\">\n    <div class=\"qodef-pl-item-inner\">\n\n        <div class=\"qodef-pli-image\">\n\t<img loading=\"lazy\" decoding=\"async\" width=\"650\" height=\"433\" src=\"https:\/\/tamiluz.pruebaswb.com.es\/wp-content\/uploads\/2020\/10\/CATAMARAN_CodaOffice_fotografoDavidFrutos_650x433.jpg\" class=\"attachment-full size-full wp-post-image\" alt=\"\" srcset=\"https:\/\/tamiluz.pruebaswb.com.es\/wp-content\/uploads\/2020\/10\/CATAMARAN_CodaOffice_fotografoDavidFrutos_650x433.jpg 650w, https:\/\/tamiluz.pruebaswb.com.es\/wp-content\/uploads\/2020\/10\/CATAMARAN_CodaOffice_fotografoDavidFrutos_650x433-300x200.jpg 300w, https:\/\/tamiluz.pruebaswb.com.es\/wp-content\/uploads\/2020\/10\/CATAMARAN_CodaOffice_fotografoDavidFrutos_650x433-24x16.jpg 24w, https:\/\/tamiluz.pruebaswb.com.es\/wp-content\/uploads\/2020\/10\/CATAMARAN_CodaOffice_fotografoDavidFrutos_650x433-36x24.jpg 36w, https:\/\/tamiluz.pruebaswb.com.es\/wp-content\/uploads\/2020\/10\/CATAMARAN_CodaOffice_fotografoDavidFrutos_650x433-48x32.jpg 48w\" sizes=\"auto, (max-width: 650px) 100vw, 650px\" \/>    <\/div>\n<div class=\"qodef-pli-text-holder\" >\n    <div class=\"qodef-pli-text-wrapper\">\n        <div class=\"qodef-pli-text\">\n            \t<h4 itemprop=\"name\" class=\"qodef-pli-title entry-title\" >\n\t\t<span>Referencias<\/span>\n\t<\/h4>\n\n            \n            \n            \t<p itemprop=\"description\" class=\"qodef-pli-excerpt\">Insp\u00edrate con nuestras realizaciones de alto impacto est\u00e9tico y funcional.<\/p>\n\n                    <\/div>\n    <\/div>\n<\/div>\n        <a itemprop=\"url\" class=\"qodef-pli-link qodef-block-drag-link\" href=\"https:\/\/tamiluz.pruebaswb.com.es\/?page_id=133&#038;lang=es\" target=\"_self\"><\/a>\n    <\/div>\n<\/article>    <\/div>\n    <\/div>[\/vc_column][\/vc_row][vc_row][vc_column][vc_row_inner][vc_column_inner el_class=\u00bbtamiluz-newsletter\u00bb]<div class=\"qodef-iwt clearfix tamiluz-volver-secciones-seo qodef-iwt-icon-left qodef-iwt-icon-tiny\">\n\t<div class=\"qodef-iwt-icon\">\n\t\t\t\t\t<a itemprop=\"url\" href=\"\/es\/proteccion-solar\" target=\"_self\">\n\t\t\t\t\t\t\t\t\t    <span class=\"qodef-icon-shortcode qodef-normal   qodef-icon-tiny\"  data-color=\"#fbb900\">\n                    <i class=\"qodef-icon-dripicons dripicon dripicons-chevron-left qodef-icon-element\" style=\"color: #fbb900;font-size:46px\" ><\/i>            <\/span>\n\t\t\t\t\t\t\t\t<\/a>\n\t\t\t<\/div>\n\t<div class=\"qodef-iwt-content\" >\n\t\t\t\t\t\t\t<p class=\"qodef-iwt-text\" >\n                                <a href=\"\/es\/proteccion-solar\">\n                                Volver                            <\/a>\n                        <\/p>\n\t\t\t<\/div>\n<\/div>[vc_raw_html]JTVCZm9vdGVyLWNvbnRhY3RvJTVE[\/vc_raw_html][\/vc_column_inner][\/vc_row_inner][\/vc_column][\/vc_row]<\/p>\n","protected":false},"excerpt":{"rendered":"<p>[vc_row full_width=\u00bbstretch_row_content_no_spaces\u00bb el_class=\u00bbtamiluz-wraper-productos-seo\u00bb][vc_column][vc_single_image image=\u00bb2590&#8243; img_size=\u00bbfull\u00bb el_class=\u00bbsombra-img vc_hidden-sm vc_hidden-xs vc_hidden-md\u00bb][vc_single_image image=\u00bb2589&#8243; img_size=\u00bbfull\u00bb el_class=\u00bbsombra-img vc_hidden-lg vc_hidden-xs\u00bb][vc_single_image image=\u00bb2588&#8243; img_size=\u00bbfull\u00bb el_class=\u00bbsombra-img vc_hidden-md vc_hidden-sm vc_hidden-lg\u00bb][\/vc_column][\/vc_row][vc_row row_content_width=\u00bbgrid\u00bb][vc_column][vc_row_inner el_class=\u00bbtamiluz-p-no-margin\u00bb][vc_column_inner width=\u00bb1\/2&#8243;][vc_column_text el_class=\u00bbtamiluz-quote-secciones\u00bb]Les volets ext\u00e9rieurs TAMILUZ sont con\u00e7us sur mesure pour \u00eatre utilis\u00e9s sur des fen\u00eatres, des portes, des [&hellip;]<\/p>\n","protected":false},"author":5,"featured_media":0,"parent":0,"menu_order":0,"comment_status":"closed","ping_status":"closed","template":"","meta":{"footnotes":""},"class_list":["post-3581","page","type-page","status-publish","hentry"],"lang":"fr","translations":{"fr":3581,"es":2389,"en":3583},"pll_sync_post":[],"_links":{"self":[{"href":"https:\/\/tamiluz.pruebaswb.com.es\/index.php?rest_route=\/wp\/v2\/pages\/3581","targetHints":{"allow":["GET"]}}],"collection":[{"href":"https:\/\/tamiluz.pruebaswb.com.es\/index.php?rest_route=\/wp\/v2\/pages"}],"about":[{"href":"https:\/\/tamiluz.pruebaswb.com.es\/index.php?rest_route=\/wp\/v2\/types\/page"}],"author":[{"embeddable":true,"href":"https:\/\/tamiluz.pruebaswb.com.es\/index.php?rest_route=\/wp\/v2\/users\/5"}],"replies":[{"embeddable":true,"href":"https:\/\/tamiluz.pruebaswb.com.es\/index.php?rest_route=%2Fwp%2Fv2%2Fcomments&post=3581"}],"version-history":[{"count":1,"href":"https:\/\/tamiluz.pruebaswb.com.es\/index.php?rest_route=\/wp\/v2\/pages\/3581\/revisions"}],"predecessor-version":[{"id":3582,"href":"https:\/\/tamiluz.pruebaswb.com.es\/index.php?rest_route=\/wp\/v2\/pages\/3581\/revisions\/3582"}],"wp:attachment":[{"href":"https:\/\/tamiluz.pruebaswb.com.es\/index.php?rest_route=%2Fwp%2Fv2%2Fmedia&parent=3581"}],"curies":[{"name":"wp","href":"https:\/\/api.w.org\/{rel}","templated":true}]}}