{"id":3588,"date":"2019-07-30T02:52:32","date_gmt":"2019-07-30T00:52:32","guid":{"rendered":"http:\/\/tamiluz.pruebaswb.com.es\/?page_id=3588"},"modified":"2022-10-03T10:39:21","modified_gmt":"2022-10-03T08:39:21","slug":"proteccion-solar","status":"publish","type":"page","link":"https:\/\/tamiluz.pruebaswb.com.es\/?page_id=3588&lang=fr","title":{"rendered":"Protection Solaire"},"content":{"rendered":"<p>[vc_row el_class=\u00bbtamiluz-wraper-proteccion-solar\u00bb][vc_column][vc_single_image image=\u00bb2484&#8243; img_size=\u00bbfull\u00bb el_class=\u00bbsombra-img vc_hidden-sm vc_hidden-xs vc_hidden-md\u00bb][vc_single_image image=\u00bb2464&#8243; img_size=\u00bbfull\u00bb el_class=\u00bbsombra-img vc_hidden-lg vc_hidden-xs\u00bb][vc_single_image image=\u00bb2463&#8243; img_size=\u00bbfull\u00bb el_class=\u00bbsombra-img vc_hidden-md vc_hidden-sm vc_hidden-lg\u00bb][\/vc_column][\/vc_row][vc_row row_content_width=\u00bbgrid\u00bb][vc_column el_class=\u00bbtamiluz-p-no-margin\u00bb]<div class=\"qodef-section-title-holder tamiluz-h1-secciones qodef-st-standard qodef-st-title-left qodef-st-normal-space \" >\n\t<div class=\"qodef-st-inner\">\n\t\t\t\t\t\t\t<h1 class=\"qodef-st-title\" >\n\t\t\t\tProtection solaire\t\t\t<\/h1>\n\t\t\t\t\t\t\t<p class=\"qodef-st-text\" >\n\t\t\t\tL'architecture solaire passive vise \u00e0 maintenir des conditions confortables \u00e0 l'int\u00e9rieur des b\u00e2timents en r\u00e9duisant autant que possible l'utilisation des syst\u00e8mes de climatisation.\t\t\t<\/p>\n\t\t\t<\/div>\n<\/div>[vc_column_text]L&#8217;architecture solaire passive vise \u00e0 augmenter le confort en int\u00e9rieur en permettant de g\u00e9rer l\u2019entr\u00e9e d\u2019\u00e9l\u00e9ments ext\u00e9rieurs tels que l\u2019apport solaire, la lumi\u00e8re, le vent ou\u2026 les regards, tout en r\u00e9duisant autant que possible l&#8217;utilisation de syst\u00e8mes de climatisation. Elle contribue donc directement \u00e0 une plus grande efficacit\u00e9 \u00e9nerg\u00e9tique des b\u00e2timents.<\/p>\n<p>&nbsp;<\/p>\n<p>Dans le contexte de r\u00e9chauffement climatique que nous subissons, les syst\u00e8mes de protection solaire passive pour fen\u00eatres ainsi que les protections solaires pour fa\u00e7ades sont ainsi des \u00e9l\u00e9ments architecturaux essentiels.<\/p>\n<p>&nbsp;<\/p>\n<p>Volets, persiennes, jalousies, brise-vues et brise-soleils appartiennent tous \u00e0 l\u2019histoire de la conception architecturale. TAMILUZ les revisite avec un regard contemporain, adapt\u00e9 aux besoins de chacun des projets auxquels la marque participe.<\/p>\n<p>&nbsp;<\/p>\n<p>Tamiluz con\u00e7oit et fabrique des \u00a0syst\u00e8mes \u00e0 lames fixes ou orientables ainsi que des syst\u00e8mes de volets \u00e0 panneaux pleins ou perfor\u00e9s en bois, aluminium ou HPL. Ces syst\u00e8mes de protection solaire passive jouent un r\u00f4le essentiel, tant sur le plan esth\u00e9tique que fonctionnel, dans la conception de b\u00e2timents r\u00e9sidentiels, hospitaliers, \u00e9ducatifs, commerciaux et tertiaires : leur pose a un impact direct sur le bien-\u00eatre de leurs usagers et peut permettre de r\u00e9aliser des \u00e9conomies d&#8217;\u00e9nergie allant jusqu&#8217;\u00e0 30%, tout en donnant rythme et mouvement aux fa\u00e7ades qu\u2019ils habillent.<\/p>\n<p>&nbsp;<\/p>\n<p><strong>Mais revoyons ensemble les diff\u00e9rents types de syst\u00e8mes de protection passive qui conforment l\u2018architecture solaire passive\u00a0:<\/strong>[\/vc_column_text][vc_empty_space height=\u00bb100px\u00bb el_class=\u00bbvc_hidden-xs\u00bb][vc_row_inner][vc_column_inner el_class=\u00bbcontainer-img-mobile\u00bb width=\u00bb1\/2&#8243;]<div class=\"qodef-section-title-holder  qodef-st-standard qodef-st-title-left qodef-st-normal-space \" >\n\t<div class=\"qodef-st-inner\">\n\t\t\t\t\t\t\t<h2 class=\"qodef-st-title\" >\n\t\t\t\tPersiennes\t\t\t<\/h2>\n\t\t\t\t\t<\/div>\n<\/div>[vc_column_text el_class=\u00bbqodef-st-text\u00bb]Les persiennes ext\u00e9rieures sont des syst\u00e8mes compos\u00e9s de lames orientables pouvant \u00eatre actionn\u00e9es manuellement ou par moteur, mont\u00e9es sur un cadre fixe ou mobile (coulissant, pliant, relevable, battant, etc.).<\/p>\n<p>Elles sont polyvalentes et efficaces en termes de protection solaire, d&#8217;occultation et aussi de ventilation, \u00e0 des divers degr\u00e9s, selon le mod\u00e8le et le type de pose choisis.<\/p>\n<p>Application : Elles peuvent \u00eatre install\u00e9es sur des fen\u00eatres, des portes ou des balcons.<\/p>\n<p>Ces syst\u00e8mes sont particuli\u00e8rement pertinents dans le cas de projets r\u00e9sidentiels.<\/p>\n<p><strong>LIRE PLUS<\/strong>[\/vc_column_text][vc_empty_space height=\u00bb15px\u00bb][vc_column_text]<strong>Aplicaci\u00f3n:<\/strong> Pueden colocarse tanto en ventanas como en puertas o balcones.[\/vc_column_text][vc_empty_space height=\u00bb60px\u00bb el_class=\u00bbvc_hidden-xs vc_hidden-sm\u00bb][vc_single_image image=\u00bb2532&#8243; img_size=\u00bbfull\u00bb css_animation=\u00bbtop-to-bottom\u00bb]<a itemprop=\"url\" href=\"\/es\/persianas\" target=\"_self\"  class=\"qodef-btn qodef-btn-medium qodef-btn-outline qodef-btn-underlined\"  >\n\t    <span class=\"qodef-btn-text\">Ver m\u00e1s<\/span>\n    <\/a>[vc_btn title=\u00bbVer sistema\u00bb custom_onclick=\u00bbtrue\u00bb el_class=\u00bbqodef-btn\u00bb custom_onclick_code=\u00bbwindow.location = \u00ab\/es\/persianas-y-celosias\/\u00ab\u00bb][\/vc_column_inner][vc_column_inner width=\u00bb1\/2&#8243; offset=\u00bbvc_hidden-xs\u00bb][vc_single_image image=\u00bb2533&#8243; img_size=\u00bbfull\u00bb css_animation=\u00bbtop-to-bottom\u00bb][\/vc_column_inner][\/vc_row_inner][vc_empty_space height=\u00bb100px\u00bb el_class=\u00bbvc_hidden-xs\u00bb][vc_row_inner][vc_column_inner width=\u00bb1\/2&#8243; offset=\u00bbvc_hidden-xs\u00bb][vc_single_image image=\u00bb2527&#8243; img_size=\u00bbfull\u00bb css_animation=\u00bbtop-to-bottom\u00bb][\/vc_column_inner][vc_column_inner el_class=\u00bbcontainer-img-mobile\u00bb width=\u00bb1\/2&#8243;]<div class=\"qodef-section-title-holder  qodef-st-standard qodef-st-title-left qodef-st-normal-space \" >\n\t<div class=\"qodef-st-inner\">\n\t\t\t\t\t\t\t<h2 class=\"qodef-st-title\" >\n\t\t\t\tJalousie\t\t\t<\/h2>\n\t\t\t\t\t<\/div>\n<\/div>[vc_column_text el_class=\u00bbqodef-st-text\u00bb]Les jalousies sont des syst\u00e8mes ext\u00e9rieurs compos\u00e9s de lames fixes, mont\u00e9es sur un ch\u00e2ssis fixe ou mobile (coulissant, pliable, relevable, etc.).<\/p>\n<p>Ils sont polyvalents et efficaces en termes de protection solaire, d&#8217;occultation et aussi de ventilation, \u00e0 de divers degr\u00e9s, selon le mod\u00e8le et le type de pose choisis.<\/p>\n<p>Application : Ils peuvent \u00eatre install\u00e9s sur des fen\u00eatres, des portes ou des balcons.<\/p>\n<p>Ils sont utilis\u00e9s dans les projets r\u00e9sidentiels et de bureaux.<\/p>\n<p><strong>LIRE PLUS<\/strong>[\/vc_column_text][vc_empty_space height=\u00bb15px\u00bb][vc_column_text]<strong>Aplicaci\u00f3n:<\/strong> Pueden colocarse tanto en ventanas como en puertas o balcones.[\/vc_column_text][vc_empty_space height=\u00bb60px\u00bb el_class=\u00bbvc_hidden-xs vc_hidden-sm\u00bb][vc_single_image image=\u00bb2526&#8243; img_size=\u00bbfull\u00bb css_animation=\u00bbtop-to-bottom\u00bb]<a itemprop=\"url\" href=\"\/es\/celosias\" target=\"_self\"  class=\"qodef-btn qodef-btn-medium qodef-btn-outline qodef-btn-underlined\"  >\n\t    <span class=\"qodef-btn-text\">Ver m\u00e1s<\/span>\n    <\/a>[vc_btn title=\u00bbVer sistema\u00bb custom_onclick=\u00bbtrue\u00bb el_class=\u00bbqodef-btn\u00bb custom_onclick_code=\u00bbwindow.location = \u00ab\/es\/persianas-y-celosias\/\u00ab\u00bb][\/vc_column_inner][\/vc_row_inner][vc_empty_space height=\u00bb100px\u00bb el_class=\u00bbvc_hidden-xs\u00bb][vc_row_inner][vc_column_inner el_class=\u00bbcontainer-img-mobile\u00bb width=\u00bb1\/2&#8243;]<div class=\"qodef-section-title-holder  qodef-st-standard qodef-st-title-left qodef-st-normal-space \" >\n\t<div class=\"qodef-st-inner\">\n\t\t\t\t\t\t\t<h2 class=\"qodef-st-title\" >\n\t\t\t\tContravents\t\t\t<\/h2>\n\t\t\t\t\t<\/div>\n<\/div>[vc_column_text el_class=\u00bbqodef-st-text\u00bb]Un contrevent est une porte ext\u00e9rieure prot\u00e9geant une fen\u00eatre ou une porte. Il se caract\u00e9rise par ses panneaux pleins ou perfor\u00e9s.<\/p>\n<p>Polyvalents et efficaces en termes d\u2019occultation, mais aussi de ventilation, \u00e0 de divers degr\u00e9s, selon le mod\u00e8le et le syst\u00e8me architectural choisis.<\/p>\n<p>Application : Ils peuvent \u00eatre install\u00e9s aussi bien sur les fen\u00eatres que sur les portes.<\/p>\n<p><strong>LIRE PLUS<\/strong>[\/vc_column_text][vc_empty_space height=\u00bb15px\u00bb][vc_column_text]<strong>Aplicaci\u00f3n:<\/strong> Pueden colocarse tanto en ventanas como en puertas o balcones.[\/vc_column_text][vc_empty_space height=\u00bb60px\u00bb el_class=\u00bbvc_hidden-xs vc_hidden-sm\u00bb][vc_single_image image=\u00bb2528&#8243; img_size=\u00bbfull\u00bb css_animation=\u00bbtop-to-bottom\u00bb]<a itemprop=\"url\" href=\"\/es\/contraventanas\" target=\"_self\"  class=\"qodef-btn qodef-btn-medium qodef-btn-outline qodef-btn-underlined\"  >\n\t    <span class=\"qodef-btn-text\">Ver m\u00e1s<\/span>\n    <\/a>[vc_btn title=\u00bbVer sistema\u00bb custom_onclick=\u00bbtrue\u00bb el_class=\u00bbqodef-btn\u00bb custom_onclick_code=\u00bbwindow.location = \u00ab\/es\/porticones\/\u00ab\u00bb][\/vc_column_inner][vc_column_inner width=\u00bb1\/2&#8243; offset=\u00bbvc_hidden-xs\u00bb][vc_single_image image=\u00bb2529&#8243; img_size=\u00bbfull\u00bb css_animation=\u00bbtop-to-bottom\u00bb][\/vc_column_inner][\/vc_row_inner][vc_empty_space height=\u00bb100px\u00bb el_class=\u00bbvc_hidden-xs\u00bb][vc_row_inner][vc_column_inner width=\u00bb1\/2&#8243; offset=\u00bbvc_hidden-xs\u00bb][vc_single_image image=\u00bb2535&#8243; img_size=\u00bbfull\u00bb css_animation=\u00bbtop-to-bottom\u00bb][\/vc_column_inner][vc_column_inner el_class=\u00bbcontainer-img-mobile\u00bb width=\u00bb1\/2&#8243;]<div class=\"qodef-section-title-holder  qodef-st-standard qodef-st-title-left qodef-st-normal-space \" >\n\t<div class=\"qodef-st-inner\">\n\t\t\t\t\t\t\t<h2 class=\"qodef-st-title\" >\n\t\t\t\tVolets\t\t\t<\/h2>\n\t\t\t\t\t<\/div>\n<\/div>[vc_column_text el_class=\u00bbqodef-st-text\u00bb]Le volet est un \u00e9l\u00e9ment de menuiserie ext\u00e9rieure \u00a0incorpor\u00e9 \u00e0 une loggia, \u00a0une porte ou une fen\u00eatre. Il peut \u00eatre form\u00e9 de panneaux pleins, perfor\u00e9s ou \u00e0 lames et peut \u00eatre ouvert de diverses mani\u00e8res selon le syst\u00e8me de pose choisi\u00a0: battant, coulissant, pliable-coulissant, relevable, projetable, par exemple.<\/p>\n<p>Polyvalents et efficaces en termes d\u2019occultation , mais aussi de ventilation, \u00e0 divers degr\u00e9s, selon le mod\u00e8le et le type de mouvement choisis.<\/p>\n<p>Application : Peuvent \u00eatre install\u00e9s aux fen\u00eatres, portes ou balcons.<\/p>\n<p><strong>LIRE PLUS<\/strong>[\/vc_column_text][vc_empty_space height=\u00bb15px\u00bb][vc_column_text]<strong>Aplicaci\u00f3n:<\/strong> Pueden colocarse tanto en ventanas como en puertas o balcones.[\/vc_column_text][vc_empty_space height=\u00bb60px\u00bb el_class=\u00bbvc_hidden-xs vc_hidden-sm\u00bb][vc_single_image image=\u00bb2534&#8243; img_size=\u00bbfull\u00bb css_animation=\u00bbtop-to-bottom\u00bb]<a itemprop=\"url\" href=\"\/es\/porticones\" target=\"_self\"  class=\"qodef-btn qodef-btn-medium qodef-btn-outline qodef-btn-underlined\"  >\n\t    <span class=\"qodef-btn-text\">Ver m\u00e1s<\/span>\n    <\/a>[vc_btn title=\u00bbVer sistema\u00bb custom_onclick=\u00bbtrue\u00bb el_class=\u00bbqodef-btn\u00bb custom_onclick_code=\u00bbwindow.location = \u00ab\/es\/porticones\/\u00ab\u00bb][\/vc_column_inner][\/vc_row_inner][vc_empty_space height=\u00bb100px\u00bb el_class=\u00bbvc_hidden-xs\u00bb][vc_row_inner][vc_column_inner el_class=\u00bbcontainer-img-mobile\u00bb width=\u00bb1\/2&#8243;]<div class=\"qodef-section-title-holder  qodef-st-standard qodef-st-title-left qodef-st-normal-space \" >\n\t<div class=\"qodef-st-inner\">\n\t\t\t\t\t\t\t<h2 class=\"qodef-st-title\" >\n\t\t\t\tVolets persienn\u00e9s\t\t\t<\/h2>\n\t\t\t\t\t<\/div>\n<\/div>[vc_column_text el_class=\u00bbqodef-st-text\u00bb]Le volet persienn\u00e9 combine les concepts de contrevent et de persienne ext\u00e9rieure \u00e0 lames : il s&#8217;agit de volets \u00e0 lames fixes ou orientables au lieu de panneaux pleins ou perfor\u00e9s.<\/p>\n<p>Polyvalent et efficace en termes de protection solaire, d&#8217;occultation et aussi de ventilation, \u00e0 de divers degr\u00e9s, selon le mod\u00e8le et le syst\u00e8me constructif choisi. Le choix de lames fixes ou de lames orientables ajoute une dimension suppl\u00e9mentaire en termes, \u00e0 la fois, de personnalisation et de fonctionnalit\u00e9.<\/p>\n<p>Application : fen\u00eatres et portes.<\/p>\n<p><strong>LIRE PLUS<\/strong>[\/vc_column_text][vc_empty_space height=\u00bb15px\u00bb][vc_column_text]<strong>Aplicaci\u00f3n:<\/strong> Pueden colocarse tanto en ventanas como en puertas o balcones.[\/vc_column_text][vc_empty_space height=\u00bb60px\u00bb el_class=\u00bbvc_hidden-xs vc_hidden-sm\u00bb][vc_single_image image=\u00bb2530&#8243; img_size=\u00bbfull\u00bb css_animation=\u00bbtop-to-bottom\u00bb]<a itemprop=\"url\" href=\"\/es\/mallorquinas\" target=\"_self\"  class=\"qodef-btn qodef-btn-medium qodef-btn-outline qodef-btn-underlined\"  >\n\t    <span class=\"qodef-btn-text\">Ver m\u00e1s<\/span>\n    <\/a>[vc_btn title=\u00bbVer sistema\u00bb custom_onclick=\u00bbtrue\u00bb el_class=\u00bbqodef-btn\u00bb custom_onclick_code=\u00bbwindow.location = \u00ab\/es\/persianas-y-celosias\/\u00ab\u00bb][\/vc_column_inner][vc_column_inner width=\u00bb1\/2&#8243; offset=\u00bbvc_hidden-xs\u00bb][vc_single_image image=\u00bb2531&#8243; img_size=\u00bbfull\u00bb css_animation=\u00bbtop-to-bottom\u00bb][\/vc_column_inner][\/vc_row_inner][vc_empty_space height=\u00bb100px\u00bb el_class=\u00bbvc_hidden-xs\u00bb][vc_row_inner][vc_column_inner width=\u00bb1\/2&#8243; offset=\u00bbvc_hidden-xs\u00bb][vc_single_image image=\u00bb2525&#8243; img_size=\u00bbfull\u00bb css_animation=\u00bbtop-to-bottom\u00bb][\/vc_column_inner][vc_column_inner el_class=\u00bbcontainer-img-mobile\u00bb width=\u00bb1\/2&#8243;]<div class=\"qodef-section-title-holder  qodef-st-standard qodef-st-title-left qodef-st-normal-space \" >\n\t<div class=\"qodef-st-inner\">\n\t\t\t\t\t\t\t<h2 class=\"qodef-st-title\" >\n\t\t\t\tBrise -soleil\t\t\t<\/h2>\n\t\t\t\t\t<\/div>\n<\/div>[vc_column_text el_class=\u00bbqodef-st-text\u00bb]Le brise-soleil, \u00e9galement appel\u00e9 pare-soleil, est un syst\u00e8me compos\u00e9 de lames horizontales ou verticales de formats tr\u00e8s variables mais g\u00e9n\u00e9ralement de longueur sup\u00e9rieure \u00e0 1,50 m. Ces lames peuvent \u00eatre fixes ou orientables, et sont g\u00e9n\u00e9ralement actionn\u00e9es par un moteur.<\/p>\n<p>Il s\u2019agit d\u2019un syst\u00e8me polyvalent et efficace en termes de protection solaire, d&#8217;occultation et aussi de ventilation, \u00e0 de divers degr\u00e9s, selon le mod\u00e8le choisi.<\/p>\n<p>Application : fa\u00e7ades de b\u00e2timents commerciaux, hospitaliers, \u00e9ducatifs ou de bureaux.<\/p>\n<p><strong>LIRE PLUS<\/strong><\/p>\n<p><strong>\u00a0<\/strong><\/p>\n<p><strong>\u00a0<\/strong><\/p>\n<p><strong>\u00a0<\/strong><\/p>\n<p><strong>Vous avez un projet d&#8217;architecture solaire et cherchez \u00e0 \u00eatre conseill\u00e9 ? Contactez-nous ICI<\/strong><\/p>\n<p><strong>\u00a0<\/strong>[\/vc_column_text][vc_empty_space height=\u00bb15px\u00bb][vc_column_text][\/vc_column_text][vc_empty_space height=\u00bb60px\u00bb el_class=\u00bbvc_hidden-xs vc_hidden-sm\u00bb][vc_single_image image=\u00bb2524&#8243; img_size=\u00bbfull\u00bb css_animation=\u00bbtop-to-bottom\u00bb]<a itemprop=\"url\" href=\"\/es\/brise-soleil\" target=\"_self\"  class=\"qodef-btn qodef-btn-medium qodef-btn-outline qodef-btn-underlined\"  >\n\t    <span class=\"qodef-btn-text\">Ver m\u00e1s<\/span>\n    <\/a>[vc_btn title=\u00bbVer sistema\u00bb custom_onclick=\u00bbtrue\u00bb el_class=\u00bbqodef-btn\u00bb custom_onclick_code=\u00bbwindow.location = \u00ab\/es\/cortasoles-y-quiebrasoles\/\u00ab\u00bb][\/vc_column_inner][\/vc_row_inner][vc_empty_space height=\u00bb100px\u00bb el_class=\u00bbvc_hidden-xs\u00bb][vc_row_inner][vc_column_inner el_class=\u00bbtamiluz-newsletter\u00bb][vc_raw_html]JTVCZm9vdGVyLWNvbnRhY3RvJTVE[\/vc_raw_html][\/vc_column_inner][\/vc_row_inner][\/vc_column][\/vc_row]<\/p>\n","protected":false},"excerpt":{"rendered":"<p>\u00bfBusca informaci\u00f3n protecci\u00f3n solar? Entre y descubrir\u00e1 los distintos sistemas disponibles.<\/p>\n","protected":false},"author":5,"featured_media":3589,"parent":0,"menu_order":0,"comment_status":"closed","ping_status":"closed","template":"full-width.php","meta":{"footnotes":""},"class_list":["post-3588","page","type-page","status-publish","has-post-thumbnail","hentry"],"lang":"fr","translations":{"fr":3588,"es":122,"en":3591},"pll_sync_post":[],"_links":{"self":[{"href":"https:\/\/tamiluz.pruebaswb.com.es\/index.php?rest_route=\/wp\/v2\/pages\/3588","targetHints":{"allow":["GET"]}}],"collection":[{"href":"https:\/\/tamiluz.pruebaswb.com.es\/index.php?rest_route=\/wp\/v2\/pages"}],"about":[{"href":"https:\/\/tamiluz.pruebaswb.com.es\/index.php?rest_route=\/wp\/v2\/types\/page"}],"author":[{"embeddable":true,"href":"https:\/\/tamiluz.pruebaswb.com.es\/index.php?rest_route=\/wp\/v2\/users\/5"}],"replies":[{"embeddable":true,"href":"https:\/\/tamiluz.pruebaswb.com.es\/index.php?rest_route=%2Fwp%2Fv2%2Fcomments&post=3588"}],"version-history":[{"count":1,"href":"https:\/\/tamiluz.pruebaswb.com.es\/index.php?rest_route=\/wp\/v2\/pages\/3588\/revisions"}],"predecessor-version":[{"id":3590,"href":"https:\/\/tamiluz.pruebaswb.com.es\/index.php?rest_route=\/wp\/v2\/pages\/3588\/revisions\/3590"}],"wp:featuredmedia":[{"embeddable":true,"href":"https:\/\/tamiluz.pruebaswb.com.es\/index.php?rest_route=\/wp\/v2\/media\/3589"}],"wp:attachment":[{"href":"https:\/\/tamiluz.pruebaswb.com.es\/index.php?rest_route=%2Fwp%2Fv2%2Fmedia&parent=3588"}],"curies":[{"name":"wp","href":"https:\/\/api.w.org\/{rel}","templated":true}]}}