{"id":3602,"date":"2019-09-23T14:52:00","date_gmt":"2019-09-23T12:52:00","guid":{"rendered":"http:\/\/tamiluz.pruebaswb.com.es\/?page_id=3602"},"modified":"2022-10-03T14:56:23","modified_gmt":"2022-10-03T12:56:23","slug":"mallorquinas","status":"publish","type":"page","link":"https:\/\/tamiluz.pruebaswb.com.es\/?page_id=3602&lang=fr","title":{"rendered":"Volets"},"content":{"rendered":"<p>[vc_row full_width=\u00bbstretch_row_content_no_spaces\u00bb el_class=\u00bbtamiluz-wraper-productos-seo\u00bb][vc_column][vc_single_image image=\u00bb2586&#8243; img_size=\u00bbfull\u00bb el_class=\u00bbsombra-img vc_hidden-sm vc_hidden-xs vc_hidden-md\u00bb][vc_single_image image=\u00bb2585&#8243; img_size=\u00bbfull\u00bb el_class=\u00bbsombra-img vc_hidden-lg vc_hidden-xs\u00bb][vc_single_image image=\u00bb2584&#8243; img_size=\u00bbfull\u00bb el_class=\u00bbsombra-img vc_hidden-md vc_hidden-sm vc_hidden-lg\u00bb][\/vc_column][\/vc_row][vc_row row_content_width=\u00bbgrid\u00bb][vc_column]<div class=\"qodef-section-title-holder tamiluz-h1-secciones qodef-st-standard qodef-st-title-left qodef-st-normal-space \" >\n\t<div class=\"qodef-st-inner\">\n\t\t\t\t\t\t\t<h1 class=\"qodef-st-title\" >\n\t\t\t\tVolets\t\t\t<\/h1>\n\t\t\t\t\t<\/div>\n<\/div>[vc_row_inner el_class=\u00bbtamiluz-p-no-margin\u00bb][vc_column_inner width=\u00bb1\/2&#8243;][vc_column_text el_class=\u00bbtamiluz-quote-secciones\u00bb]<strong>Volets, de la tradition m\u00e9diterran\u00e9enne au design contemporain<\/strong>[\/vc_column_text][vc_column_text]Les<strong> volets<\/strong> sont un signe distinctif de l&#8217;architecture m\u00e9diterran\u00e9enne traditionnelle. Depuis des si\u00e8cles, ces <strong>volets \u00e0 lames en bois<\/strong> ont servi \u00e0 prot\u00e9ger les maisons du bruit et des intemp\u00e9ries, ainsi qu&#8217;\u00e0 filtrer la lumi\u00e8re et \u00e0 pr\u00e9server l&#8217;intimit\u00e9 de la maison.<\/p>\n<p>&nbsp;<\/p>\n<p>Un<strong> volet persienn\u00e9<\/strong> se caract\u00e9rise par ses lames horizontales qui, dans certains cas, peuvent \u00eatre r\u00e9gl\u00e9es pour laisser passer plus ou moins de lumi\u00e8re. Les volets sont g\u00e9n\u00e9ralement pliants, mais il existe aussi des <strong>volets coulissants<\/strong> ou des <strong>volets battants<\/strong>, ce qui permet une grande vari\u00e9t\u00e9 de compositions sur la fa\u00e7ade.<\/p>\n<p><strong>\u00a0<\/strong><\/p>\n<p>Le principal avantage du<strong> volet<\/strong>, qui peut \u00eatre pos\u00e9 aussi bien comme protection des fen\u00eatres que des portes vitr\u00e9es ou des terrasses, est qu\u2019il permet de cr\u00e9er diff\u00e9rentes atmosph\u00e8res et de r\u00e9guler l\u2019apport solaire. Le <strong>volet persienn\u00e9 permet au vent de passer entre les lames tout en filtrant la lumi\u00e8re m\u00eame si la fen\u00eatre est ouverte. Il garantit une bonne a\u00e9ration, un contr\u00f4le de la temp\u00e9rature int\u00e9rieure et une lumi\u00e8re tamis\u00e9e. <\/strong>Protection solaire et ventilation pour un plus grand confort.<\/p>\n<p>En hiver, en revanche, il sert \u00e0 prot\u00e9ger du vent et de la pluie, ainsi qu&#8217;\u00e0 \u00e9viter les pertes de chaleur.<\/p>\n<p>&nbsp;<\/p>\n<p><strong>Am\u00e9lioration de l&#8217;efficacit\u00e9 \u00e9nerg\u00e9tique gr\u00e2ce aux volets.<\/strong><\/p>\n<p>Le syst\u00e8me du volet persienn\u00e9 est toujours d\u2019actualit\u00e9 dans l\u2019architecture contemporaine en raison de sa contribution \u00e0 une meilleure efficacit\u00e9 \u00e9nerg\u00e9tique. Les volets conforment un syst\u00e8me passif qui peut \u00eatre \u00e0 l\u2019origine d\u2019une \u00e9conomie d&#8217;\u00e9nergie allant jusqu&#8217;\u00e0 30% dans la climatisation du b\u00e2timent. Par rapport aux volets et persiennes opaques, plus courants dans les constructions nordiques, cette <strong>fermeture \u00e0 lames<\/strong> est pr\u00e9f\u00e9rable, car elle laisse passer la lumi\u00e8re et l&#8217;air tout en favorisant l&#8217;intimit\u00e9 et en prot\u00e9geant les autres \u00e9l\u00e9ments de la menuiserie ext\u00e9rieure.<\/p>\n<p><strong>\u00a0<\/strong><\/p>\n<p><strong>Volets en bois : un \u00e9l\u00e9ment traditionnel tr\u00e8s moderne<\/strong><\/p>\n<p>Les <strong>volets en bois <\/strong>sont le type de volets le plus courant. Ils sont tr\u00e8s polyvalents dans la composition des fa\u00e7ades. Outre l&#8217;efficacit\u00e9 \u00e9nerg\u00e9tique du syst\u00e8me, la durabilit\u00e9 du bois en tant que mat\u00e9riau est un \u00e9l\u00e9ment \u00e0 consid\u00e9rer lors du choix des \u00e9l\u00e9ments de construction.<\/p>\n<p>Le <strong>volet en bois<\/strong> permet de nombreux jeux esth\u00e9tiques, car il tend traditionnellement \u00e0 apporter un \u00e9l\u00e9ment de couleur aux fa\u00e7ades, mais il permet \u00e9galement un contraste chaleureux avec des mat\u00e9riaux tels que la pierre ou m\u00eame le m\u00e9tal. Parmi les options de bois propos\u00e9es par TAMILUZ figure le bois thermo-trait\u00e9, qui pr\u00e9sente une forte valeur ajout\u00e9e en raison de sa durabilit\u00e9 et de son faible besoin d&#8217;entretien. Ces volets en bois peuvent \u00eatre l\u2019option parfaite dans le cas de travaux de r\u00e9novation\u00a0: ils pr\u00e9servent une image traditionnelle mais apportent une nouvelle efficacit\u00e9 \u00e0 l\u2019ensemble..[\/vc_column_text][\/vc_column_inner][vc_column_inner width=\u00bb1\/2&#8243;][vc_column_text]<strong>Volets en aluminium : la renaissance d&#8217;un classique.<\/strong><\/p>\n<p>Conscient de l&#8217;int\u00e9r\u00eat fonctionnel de ce syst\u00e8me pour des projets de tous styles, TAMILUZ modernise et r\u00e9invente le <strong>volet <\/strong>en proposant aux professionnels de l&#8217;architecture la conception et la r\u00e9alisation sur mesure de<strong> volets persienn\u00e9s en aluminium<\/strong> dans une large gamme de couleurs et de finitions. Ce type de <strong>volet persienn\u00e9 b\u00e9n\u00e9ficie de l&#8217;inalt\u00e9rabilit\u00e9 inh\u00e9rente du mat\u00e9riau, renforc\u00e9e par les techniques de laquage<\/strong> les plus modernes. Sur le plan esth\u00e9tique, ces volets m\u00e9talliques \u00e0 lames peuvent \u00eatre parfaits pour rendre plus l\u00e9gers et modernes les <strong>volets traditionnels<\/strong>. Nous les recommandons tout particuli\u00e8rement lors de projets architecturaux de style plus minimaliste et industriel, notamment lorsqu&#8217;ils sont associ\u00e9s \u00e0 des finitions en b\u00e9ton apparent ou en pierre trait\u00e9e.<\/p>\n<p><strong>\u00a0<\/strong><\/p>\n<p><strong>Il existe un volet pour chaque projet, en nouvelle construction comme en r\u00e9novation.<\/strong><\/p>\n<p><strong>\u00a0<\/strong>Bien qu&#8217;ils soient surtout utilis\u00e9s comme protection solaire pour les logements, les <strong>volets<\/strong> persienn\u00e9s peuvent apporter une valeur ajout\u00e9e aux projets commerciaux ou aux environnements tertiaires, car l&#8217;utilisation de syst\u00e8mes passifs peut repr\u00e9senter jusqu&#8217;\u00e0 30 % d&#8217;\u00e9conomies d&#8217;\u00e9nergie.<\/p>\n<p><strong>\u00a0<\/strong><\/p>\n<p>En outre, la polyvalence des<strong> volets persienn\u00e9s<\/strong> en termes de mat\u00e9riaux et de types de pose permet de les utiliser dans une grande vari\u00e9t\u00e9 d&#8217;environnements, tant dans les nouvelles constructions que dans les r\u00e9novations. Dans ce dernier domaine, une intervention relativement limit\u00e9e peut signifier une transformation absolue de la fa\u00e7ade du b\u00e2timent.\u00a0 Si l&#8217;on ajoute \u00e0 cela une efficacit\u00e9 \u00e9nerg\u00e9tique accrue, on peut compter sur une revalorisation imm\u00e9diate de l&#8217;ensemble.<\/p>\n<p><strong>\u00a0<\/strong><\/p>\n<p>Si les <strong>volets persienn\u00e9s<\/strong> traditionnels sont courants sur les balcons et les fen\u00eatres dans les projets r\u00e9sidentiels, d\u00e9couvrez les propositions de TAMILUZ pour des <strong>volets persienn\u00e9s coulissants en aluminium<\/strong> comme \u00e9l\u00e9ment cl\u00e9 dans des bureaux \u00e0 l&#8217;esth\u00e9tique moderne, ou des volets coulissants en blanc pour fermer les balcons d&#8217;un h\u00f4tel de charme sur la c\u00f4te m\u00e9diterran\u00e9enne ?<\/p>\n<p><strong>\u00a0<\/strong><\/p>\n<p>Ainsi, apr\u00e8s plusieurs si\u00e8cles de tradition, le<strong>s volets<\/strong> restent l&#8217;une des options les plus r\u00e9ussies et les plus int\u00e9ressantes en mati\u00e8re de fermeture ext\u00e9rieure. Ils proposent une \u00e9norme variabilit\u00e9 en termes de mat\u00e9riaux, de syst\u00e8mes d\u2019ouverture qui leur permettent de s&#8217;adapter \u00e0 diff\u00e9rentes esth\u00e9tiques, styles et budgets. Il existe pratiquement un <strong>volet<\/strong> pour chaque projet, et leur r\u00e9invention constante est ce qui leur permet de continuer \u00e0 offrir aux architectes de nombreuses possibilit\u00e9s aujourd&#8217;hui. De plus, \u00e0 l&#8217;heure o\u00f9 l&#8217;int\u00e9gration de syst\u00e8mes passifs et d&#8217;une conception climatique intelligente prend de plus en plus d&#8217;importance, les <strong>volets persienn\u00e9s<\/strong> se distinguent comme une technique ancestrale de protection climatique toujours d&#8217;actualit\u00e9.[\/vc_column_text][\/vc_column_inner][\/vc_row_inner][\/vc_column][\/vc_row][vc_row full_width=\u00bbstretch_row_content\u00bb][vc_column el_class=\u00bbtamiluz-destacados-secciones-seo\u00bb]<div class=\"qodef-portfolio-list-holder qodef-grid-list qodef-disable-bottom-space qodef-pl-gallery qodef-three-columns qodef-small-space qodef-pl-standard-shader  qodef-pl-has-shadow        \"  data-type=gallery data-number-of-columns=three data-space-between-items=small data-number-of-items=-1 data-image-proportions=full data-enable-fixed-proportions=no data-enable-image-shadow=yes data-post-type=page data-selected-pages=1000,133 data-item-style=standard-shader data-enable-title=yes data-title-tag=h4 data-enable-excerpt=yes data-excerpt-length=200 data-enable-link=yes data-enable-article-animation=no data-max-num-pages=0 data-next-page=2>\n        <div class=\"qodef-pl-inner qodef-outer-space  clearfix carousel\">\n        <article class=\"qodef-pl-item qodef-item-space  post-1000 page type-page status-publish has-post-thumbnail hentry qodef-pi-small-5542 gallery-cell\"  data-item-class=\"qodef-pi-small-5542\">\n    <div class=\"qodef-pl-item-inner\">\n\n        <div class=\"qodef-pli-image\">\n\t<img loading=\"lazy\" decoding=\"async\" width=\"650\" height=\"433\" src=\"https:\/\/tamiluz.pruebaswb.com.es\/wp-content\/uploads\/2020\/10\/Persianas_Ilot-des-Mariniers_PabloKatzArchitecture_FotografoChristineSeghezzi_650x433.jpg\" class=\"attachment-full size-full wp-post-image\" alt=\"\" srcset=\"https:\/\/tamiluz.pruebaswb.com.es\/wp-content\/uploads\/2020\/10\/Persianas_Ilot-des-Mariniers_PabloKatzArchitecture_FotografoChristineSeghezzi_650x433.jpg 650w, https:\/\/tamiluz.pruebaswb.com.es\/wp-content\/uploads\/2020\/10\/Persianas_Ilot-des-Mariniers_PabloKatzArchitecture_FotografoChristineSeghezzi_650x433-300x200.jpg 300w, https:\/\/tamiluz.pruebaswb.com.es\/wp-content\/uploads\/2020\/10\/Persianas_Ilot-des-Mariniers_PabloKatzArchitecture_FotografoChristineSeghezzi_650x433-24x16.jpg 24w, https:\/\/tamiluz.pruebaswb.com.es\/wp-content\/uploads\/2020\/10\/Persianas_Ilot-des-Mariniers_PabloKatzArchitecture_FotografoChristineSeghezzi_650x433-36x24.jpg 36w, https:\/\/tamiluz.pruebaswb.com.es\/wp-content\/uploads\/2020\/10\/Persianas_Ilot-des-Mariniers_PabloKatzArchitecture_FotografoChristineSeghezzi_650x433-48x32.jpg 48w\" sizes=\"auto, (max-width: 650px) 100vw, 650px\" \/>    <\/div>\n<div class=\"qodef-pli-text-holder\" >\n    <div class=\"qodef-pli-text-wrapper\">\n        <div class=\"qodef-pli-text\">\n            \t<h4 itemprop=\"name\" class=\"qodef-pli-title entry-title\" >\n\t\t<span>Persianas &#038; Celos\u00edas<\/span>\n\t<\/h4>\n\n            \n            \n            \t<p itemprop=\"description\" class=\"qodef-pli-excerpt\">Descubra sistemas de lamas fijas u orientables, en m\u00faltiples sistemas constructivos.<\/p>\n\n                    <\/div>\n    <\/div>\n<\/div>\n        <a itemprop=\"url\" class=\"qodef-pli-link qodef-block-drag-link\" href=\"https:\/\/tamiluz.pruebaswb.com.es\/?page_id=1000&#038;lang=es\" target=\"_self\"><\/a>\n    <\/div>\n<\/article><article class=\"qodef-pl-item qodef-item-space  post-133 page type-page status-publish has-post-thumbnail hentry qodef-pi-small-4691 gallery-cell\"  data-item-class=\"qodef-pi-small-4691\">\n    <div class=\"qodef-pl-item-inner\">\n\n        <div class=\"qodef-pli-image\">\n\t<img loading=\"lazy\" decoding=\"async\" width=\"650\" height=\"433\" src=\"https:\/\/tamiluz.pruebaswb.com.es\/wp-content\/uploads\/2020\/10\/CATAMARAN_CodaOffice_fotografoDavidFrutos_650x433.jpg\" class=\"attachment-full size-full wp-post-image\" alt=\"\" srcset=\"https:\/\/tamiluz.pruebaswb.com.es\/wp-content\/uploads\/2020\/10\/CATAMARAN_CodaOffice_fotografoDavidFrutos_650x433.jpg 650w, https:\/\/tamiluz.pruebaswb.com.es\/wp-content\/uploads\/2020\/10\/CATAMARAN_CodaOffice_fotografoDavidFrutos_650x433-300x200.jpg 300w, https:\/\/tamiluz.pruebaswb.com.es\/wp-content\/uploads\/2020\/10\/CATAMARAN_CodaOffice_fotografoDavidFrutos_650x433-24x16.jpg 24w, https:\/\/tamiluz.pruebaswb.com.es\/wp-content\/uploads\/2020\/10\/CATAMARAN_CodaOffice_fotografoDavidFrutos_650x433-36x24.jpg 36w, https:\/\/tamiluz.pruebaswb.com.es\/wp-content\/uploads\/2020\/10\/CATAMARAN_CodaOffice_fotografoDavidFrutos_650x433-48x32.jpg 48w\" sizes=\"auto, (max-width: 650px) 100vw, 650px\" \/>    <\/div>\n<div class=\"qodef-pli-text-holder\" >\n    <div class=\"qodef-pli-text-wrapper\">\n        <div class=\"qodef-pli-text\">\n            \t<h4 itemprop=\"name\" class=\"qodef-pli-title entry-title\" >\n\t\t<span>Referencias<\/span>\n\t<\/h4>\n\n            \n            \n            \t<p itemprop=\"description\" class=\"qodef-pli-excerpt\">Insp\u00edrate con nuestras realizaciones de alto impacto est\u00e9tico y funcional.<\/p>\n\n                    <\/div>\n    <\/div>\n<\/div>\n        <a itemprop=\"url\" class=\"qodef-pli-link qodef-block-drag-link\" href=\"https:\/\/tamiluz.pruebaswb.com.es\/?page_id=133&#038;lang=es\" target=\"_self\"><\/a>\n    <\/div>\n<\/article>    <\/div>\n    <\/div>[\/vc_column][\/vc_row][vc_row][vc_column][vc_row_inner][vc_column_inner el_class=\u00bbtamiluz-newsletter\u00bb]<div class=\"qodef-iwt clearfix tamiluz-volver-secciones-seo qodef-iwt-icon-left qodef-iwt-icon-tiny\">\n\t<div class=\"qodef-iwt-icon\">\n\t\t\t\t\t<a itemprop=\"url\" href=\"\/es\/proteccion-solar\" target=\"_self\">\n\t\t\t\t\t\t\t\t\t    <span class=\"qodef-icon-shortcode qodef-normal   qodef-icon-tiny\"  data-color=\"#fbb900\">\n                    <i class=\"qodef-icon-dripicons dripicon dripicons-chevron-left qodef-icon-element\" style=\"color: #fbb900;font-size:46px\" ><\/i>            <\/span>\n\t\t\t\t\t\t\t\t<\/a>\n\t\t\t<\/div>\n\t<div class=\"qodef-iwt-content\" >\n\t\t\t\t\t\t\t<p class=\"qodef-iwt-text\" >\n                                <a href=\"\/es\/proteccion-solar\">\n                                Volver                            <\/a>\n                        <\/p>\n\t\t\t<\/div>\n<\/div>[vc_raw_html]JTVCZm9vdGVyLWNvbnRhY3RvJTVE[\/vc_raw_html][\/vc_column_inner][\/vc_row_inner][\/vc_column][\/vc_row]<\/p>\n","protected":false},"excerpt":{"rendered":"<p>[vc_row full_width=\u00bbstretch_row_content_no_spaces\u00bb el_class=\u00bbtamiluz-wraper-productos-seo\u00bb][vc_column][vc_single_image image=\u00bb2586&#8243; img_size=\u00bbfull\u00bb el_class=\u00bbsombra-img vc_hidden-sm vc_hidden-xs vc_hidden-md\u00bb][vc_single_image image=\u00bb2585&#8243; img_size=\u00bbfull\u00bb el_class=\u00bbsombra-img vc_hidden-lg vc_hidden-xs\u00bb][vc_single_image image=\u00bb2584&#8243; img_size=\u00bbfull\u00bb el_class=\u00bbsombra-img vc_hidden-md vc_hidden-sm vc_hidden-lg\u00bb][\/vc_column][\/vc_row][vc_row row_content_width=\u00bbgrid\u00bb][vc_column][vc_row_inner el_class=\u00bbtamiluz-p-no-margin\u00bb][vc_column_inner width=\u00bb1\/2&#8243;][vc_column_text el_class=\u00bbtamiluz-quote-secciones\u00bb]Volets, de la tradition m\u00e9diterran\u00e9enne au design contemporain[\/vc_column_text][vc_column_text]Les volets sont un signe distinctif de l&#8217;architecture m\u00e9diterran\u00e9enne traditionnelle. [&hellip;]<\/p>\n","protected":false},"author":5,"featured_media":0,"parent":0,"menu_order":0,"comment_status":"closed","ping_status":"closed","template":"","meta":{"footnotes":""},"class_list":["post-3602","page","type-page","status-publish","hentry"],"lang":"fr","translations":{"fr":3602,"en":3600,"es":2383},"pll_sync_post":[],"_links":{"self":[{"href":"https:\/\/tamiluz.pruebaswb.com.es\/index.php?rest_route=\/wp\/v2\/pages\/3602","targetHints":{"allow":["GET"]}}],"collection":[{"href":"https:\/\/tamiluz.pruebaswb.com.es\/index.php?rest_route=\/wp\/v2\/pages"}],"about":[{"href":"https:\/\/tamiluz.pruebaswb.com.es\/index.php?rest_route=\/wp\/v2\/types\/page"}],"author":[{"embeddable":true,"href":"https:\/\/tamiluz.pruebaswb.com.es\/index.php?rest_route=\/wp\/v2\/users\/5"}],"replies":[{"embeddable":true,"href":"https:\/\/tamiluz.pruebaswb.com.es\/index.php?rest_route=%2Fwp%2Fv2%2Fcomments&post=3602"}],"version-history":[{"count":1,"href":"https:\/\/tamiluz.pruebaswb.com.es\/index.php?rest_route=\/wp\/v2\/pages\/3602\/revisions"}],"predecessor-version":[{"id":3603,"href":"https:\/\/tamiluz.pruebaswb.com.es\/index.php?rest_route=\/wp\/v2\/pages\/3602\/revisions\/3603"}],"wp:attachment":[{"href":"https:\/\/tamiluz.pruebaswb.com.es\/index.php?rest_route=%2Fwp%2Fv2%2Fmedia&parent=3602"}],"curies":[{"name":"wp","href":"https:\/\/api.w.org\/{rel}","templated":true}]}}